{"id":18068,"date":"2020-05-22T14:52:56","date_gmt":"2020-05-22T14:52:56","guid":{"rendered":"https:\/\/chova.web-pre.com\/?page_id=18068"},"modified":"2023-02-06T17:47:20","modified_gmt":"2023-02-06T15:47:20","slug":"software","status":"publish","type":"page","link":"https:\/\/chova.com\/fr\/centre-technique\/software\/","title":{"rendered":"ChovACUSTIC SOFT &#8211; Logiciel d&rsquo;isolation acoustique"},"content":{"rendered":"\t\t<div data-elementor-type=\"wp-page\" data-elementor-id=\"18068\" class=\"elementor elementor-18068 elementor-18066\" data-elementor-post-type=\"page\">\n\t\t\t\t\t\t<section class=\"elementor-section elementor-top-section elementor-element elementor-element-222fd23c elementor-section-stretched elementor-section-height-min-height elementor-section-content-bottom elementor-section-boxed elementor-section-height-default elementor-section-items-middle\" data-id=\"222fd23c\" data-element_type=\"section\" data-e-type=\"section\" data-settings=\"{&quot;stretch_section&quot;:&quot;section-stretched&quot;,&quot;background_background&quot;:&quot;classic&quot;}\">\n\t\t\t\t\t\t\t<div class=\"elementor-background-overlay\"><\/div>\n\t\t\t\t\t\t\t<div class=\"elementor-container elementor-column-gap-no\">\n\t\t\t\t\t<div class=\"elementor-column elementor-col-100 elementor-top-column elementor-element elementor-element-3652ebe5\" data-id=\"3652ebe5\" data-element_type=\"column\" data-e-type=\"column\">\n\t\t\t<div class=\"elementor-widget-wrap elementor-element-populated\">\n\t\t\t\t\t\t<div class=\"elementor-element elementor-element-534300e elementor-widget elementor-widget-heading\" data-id=\"534300e\" data-element_type=\"widget\" data-e-type=\"widget\" data-widget_type=\"heading.default\">\n\t\t\t\t<div class=\"elementor-widget-container\">\n\t\t\t\t\t<h1 class=\"elementor-heading-title elementor-size-default\">Software Acoustique<\/h1>\t\t\t\t<\/div>\n\t\t\t\t<\/div>\n\t\t\t\t<div class=\"elementor-element elementor-element-18d62925 elementor-widget-divider--view-line elementor-widget elementor-widget-divider\" data-id=\"18d62925\" data-element_type=\"widget\" data-e-type=\"widget\" data-widget_type=\"divider.default\">\n\t\t\t\t<div class=\"elementor-widget-container\">\n\t\t\t\t\t\t\t<div class=\"elementor-divider\">\n\t\t\t<span class=\"elementor-divider-separator\">\n\t\t\t\t\t\t<\/span>\n\t\t<\/div>\n\t\t\t\t\t\t<\/div>\n\t\t\t\t<\/div>\n\t\t\t\t<div class=\"elementor-element elementor-element-3d54d49 cabecera_texto elementor-widget elementor-widget-text-editor\" data-id=\"3d54d49\" data-element_type=\"widget\" data-e-type=\"widget\" data-widget_type=\"text-editor.default\">\n\t\t\t\t<div class=\"elementor-widget-container\">\n\t\t\t\t\t\t\t\t\t<p><span style=\"color: #ffffff;\">La gamme <strong>ChovACUSTIC<\/strong>, leader dans l&rsquo;isolation acoustique des b\u00e2timents et dans la recherche de solutions pour le b\u00e2timent, propose un logiciel pour l\u2019isolation acoustique. Le logiciel, <strong>ChovACUSTIC Soft,<\/strong> est un programme, essentiel, offrant en \u00e9ventail de solutions faciles \u00e0 installer en accord avec les Normes Techniques du B\u00e2timent espagnoles.<\/span><\/p>\t\t\t\t\t\t\t\t<\/div>\n\t\t\t\t<\/div>\n\t\t\t\t\t<\/div>\n\t\t<\/div>\n\t\t\t\t\t<\/div>\n\t\t<\/section>\n\t\t\t\t<section class=\"elementor-section elementor-top-section elementor-element elementor-element-27b2167 elementor-section-content-middle elementor-section-stretched elementor-section-boxed elementor-section-height-default elementor-section-height-default\" data-id=\"27b2167\" data-element_type=\"section\" data-e-type=\"section\" data-settings=\"{&quot;stretch_section&quot;:&quot;section-stretched&quot;}\">\n\t\t\t\t\t\t<div class=\"elementor-container elementor-column-gap-wide\">\n\t\t\t\t\t<div class=\"elementor-column elementor-col-50 elementor-top-column elementor-element elementor-element-d975120\" data-id=\"d975120\" data-element_type=\"column\" data-e-type=\"column\">\n\t\t\t<div class=\"elementor-widget-wrap elementor-element-populated\">\n\t\t\t\t\t\t<div class=\"elementor-element elementor-element-33278b9 elementor-widget elementor-widget-image\" data-id=\"33278b9\" data-element_type=\"widget\" data-e-type=\"widget\" chovacustic=\"\" data-widget_type=\"image.default\">\n\t\t\t\t<div class=\"elementor-widget-container\">\n\t\t\t\t\t\t\t\t\t\t\t\t\t\t\t<img fetchpriority=\"high\" decoding=\"async\" width=\"1024\" height=\"485\" src=\"https:\/\/chova.com\/wp-content\/uploads\/2020\/05\/chovacustic-sortware-1024x485.jpg\" class=\"attachment-large size-large wp-image-18072\" alt=\"\" srcset=\"https:\/\/chova.com\/wp-content\/uploads\/2020\/05\/chovacustic-sortware-1024x485.jpg 1024w, https:\/\/chova.com\/wp-content\/uploads\/2020\/05\/chovacustic-sortware-300x142.jpg 300w, https:\/\/chova.com\/wp-content\/uploads\/2020\/05\/chovacustic-sortware-768x364.jpg 768w, https:\/\/chova.com\/wp-content\/uploads\/2020\/05\/chovacustic-sortware-1600x757.jpg 1600w, https:\/\/chova.com\/wp-content\/uploads\/2020\/05\/chovacustic-sortware-1536x727.jpg 1536w, https:\/\/chova.com\/wp-content\/uploads\/2020\/05\/chovacustic-sortware-2048x969.jpg 2048w, https:\/\/chova.com\/wp-content\/uploads\/2020\/05\/chovacustic-sortware-500x237.jpg 500w, https:\/\/chova.com\/wp-content\/uploads\/2020\/05\/chovacustic-sortware-800x379.jpg 800w, https:\/\/chova.com\/wp-content\/uploads\/2020\/05\/chovacustic-sortware-1280x606.jpg 1280w, https:\/\/chova.com\/wp-content\/uploads\/2020\/05\/chovacustic-sortware-1920x909.jpg 1920w\" sizes=\"(max-width: 1024px) 100vw, 1024px\" \/>\t\t\t\t\t\t\t\t\t\t\t\t\t\t\t<\/div>\n\t\t\t\t<\/div>\n\t\t\t\t\t<\/div>\n\t\t<\/div>\n\t\t\t\t<div class=\"elementor-column elementor-col-50 elementor-top-column elementor-element elementor-element-b36682b\" data-id=\"b36682b\" data-element_type=\"column\" data-e-type=\"column\">\n\t\t\t<div class=\"elementor-widget-wrap elementor-element-populated\">\n\t\t\t\t\t\t<div class=\"elementor-element elementor-element-d11c977 elementor-widget elementor-widget-text-editor\" data-id=\"d11c977\" data-element_type=\"widget\" data-e-type=\"widget\" data-widget_type=\"text-editor.default\">\n\t\t\t\t<div class=\"elementor-widget-container\">\n\t\t\t\t\t\t\t\t\t<p><em><strong>\u00ab\u00a0Un Espagnol sur quatre consid\u00e8re le bruit comme le principal probl\u00e8me chez lui.\u00a0\u00bb<\/strong><\/em><\/p>\n<p>De <strong>ChovACUSTIC<\/strong>, leader de l&rsquo;isolation acoustique des b\u00e2timents, nous avons d\u00e9velopp\u00e9 le logiciel <strong>ChovACUSTIC<\/strong> <strong>SOFT<\/strong> pour la pr\u00e9diction de l&rsquo;<strong>isolation acoustique.<\/strong><\/p>\n<p>Tout d&rsquo;abord, c&rsquo;est un logiciel facile \u00e0 installer o\u00f9 vous pouvez choisir la solution la plus appropri\u00e9e en fonction de chaque besoin acoustique. Comme il s&rsquo;agit d&rsquo;un puissant outil d&rsquo;acc\u00e8s gratuit qui r\u00e9pond aux besoins du concepteur, en tenant toujours compte de toutes les variables dont d\u00e9pend l<strong>&lsquo;isolation acoustique<\/strong> dans les conditions de travail finies.<\/p>\n<p>De ce fait, cet outil permet l&rsquo;\u00e9tude du <strong>bruit a\u00e9rien et de l&rsquo;isolation aux bruits d&rsquo;impact<\/strong>. De plus, il facilite la pr\u00e9paration des projets par les techniciens de projet pour se conformer au Code technique et am\u00e9liore \u00e9galement la prescription de nos solutions de construction.<\/p>\n\t\t\t\t\t\t\t\t<\/div>\n\t\t\t\t<\/div>\n\t\t\t\t\t<\/div>\n\t\t<\/div>\n\t\t\t\t\t<\/div>\n\t\t<\/section>\n\t\t\t\t<section class=\"elementor-section elementor-top-section elementor-element elementor-element-7f32869 elementor-section-content-middle elementor-section-stretched elementor-section-boxed elementor-section-height-default elementor-section-height-default\" data-id=\"7f32869\" data-element_type=\"section\" data-e-type=\"section\" data-settings=\"{&quot;stretch_section&quot;:&quot;section-stretched&quot;}\">\n\t\t\t\t\t\t<div class=\"elementor-container elementor-column-gap-wide\">\n\t\t\t\t\t<div class=\"elementor-column elementor-col-100 elementor-top-column elementor-element elementor-element-9e203ff\" data-id=\"9e203ff\" data-element_type=\"column\" data-e-type=\"column\">\n\t\t\t<div class=\"elementor-widget-wrap elementor-element-populated\">\n\t\t\t\t\t\t<div class=\"elementor-element elementor-element-8927052 elementor-widget elementor-widget-text-editor\" data-id=\"8927052\" data-element_type=\"widget\" data-e-type=\"widget\" data-widget_type=\"text-editor.default\">\n\t\t\t\t<div class=\"elementor-widget-container\">\n\t\t\t\t\t\t\t\t\t<h2 style=\"text-align: justify;\">Parmi les fonctions de ChovACUSTIC SOFT figurent:<\/h2>\n<ul style=\"text-align: justify;\">\n<li>Possibilit\u00e9 de s\u00e9lectionner <strong>diff\u00e9rents types de g\u00e9om\u00e9tries<\/strong> de bo\u00eetiers. Par exemple, dans le cas de l&rsquo;\u00e9tude des diviseurs, nous avons l&rsquo;option de 4 types de g\u00e9om\u00e9trie diff\u00e9rents<\/li>\n<\/ul>\n<p><img decoding=\"async\" class=\"size-full wp-image-606 aligncenter\" title=\"\" src=\"https:\/\/blogchova.files.wordpress.com\/2018\/06\/soft_geometria.png?w=720\" alt=\"Soft_geometria\" data-attachment-id=\"606\" data-permalink=\"https:\/\/blogchova.com\/2018\/06\/08\/chovacustic-soft-la-herramienta-para-predecir-el-aislamiento-acustico\/soft_geometria\/\" data-orig-file=\"https:\/\/blogchova.files.wordpress.com\/2018\/06\/soft_geometria.png\" data-orig-size=\"1086,146\" data-comments-opened=\"1\" data-image-meta=\"{\" data-image-title=\"Soft_geometria\" data-image-description=\"\" data-medium-file=\"https:\/\/blogchova.files.wordpress.com\/2018\/06\/soft_geometria.png?w=300\" data-large-file=\"https:\/\/blogchova.files.wordpress.com\/2018\/06\/soft_geometria.png?w=720\" \/><\/p>\n<ul style=\"text-align: justify;\">\n<li>Base de donn\u00e9es avec plus de 200 \u00e9l\u00e9ments de construction, avec la possibilit\u00e9 d&rsquo;inclure des portes et des fen\u00eatres.<\/li>\n<li>Informations sur le <strong>pourcentage de transmission du bruit<\/strong> \u00e0 travers chaque \u00e9l\u00e9ment de construction (sol, plafond, cloison, fa\u00e7ade et cloison int\u00e9rieure).<\/li>\n<li><strong>R\u00e9sultat final toujours visible<\/strong> et mis \u00e0 jour en temps r\u00e9el lors de toute modification.<\/li>\n<li><strong>G\u00e9n\u00e9ration de rapports<\/strong> comprenant toutes les donn\u00e9es sur les \u00e9l\u00e9ments de construction utilis\u00e9s.<\/li>\n<li>Pr\u00e9paration de projets d&rsquo;isolation acoustique selon l&rsquo;option g\u00e9n\u00e9rale de conformit\u00e9 \u00e0 la section DB-HR du Code technique du b\u00e2timent espagnol.<\/li>\n<li><strong>Deux options de calcul:<\/strong>\n<ul style=\"text-align: justify;\">\n<li>Selon la m\u00e9thode de la norme europ\u00e9enne EN 12354 parties 1 et 2.<\/li>\n<li>Selon la m\u00e9thode de la norme europ\u00e9enne EN 12354 parties 1 et 2 adapt\u00e9es aux syst\u00e8mes de construction espagnols.<\/li>\n<\/ul>\n<\/li>\n<\/ul>\n\t\t\t\t\t\t\t\t<\/div>\n\t\t\t\t<\/div>\n\t\t\t\t\t<\/div>\n\t\t<\/div>\n\t\t\t\t\t<\/div>\n\t\t<\/section>\n\t\t\t\t<section class=\"elementor-section elementor-top-section elementor-element elementor-element-494534c elementor-section-content-middle elementor-section-stretched elementor-section-boxed elementor-section-height-default elementor-section-height-default\" data-id=\"494534c\" data-element_type=\"section\" data-e-type=\"section\" data-settings=\"{&quot;stretch_section&quot;:&quot;section-stretched&quot;,&quot;background_background&quot;:&quot;classic&quot;}\">\n\t\t\t\t\t\t<div class=\"elementor-container elementor-column-gap-wide\">\n\t\t\t\t\t<div class=\"elementor-column elementor-col-100 elementor-top-column elementor-element elementor-element-f753a99\" data-id=\"f753a99\" data-element_type=\"column\" data-e-type=\"column\">\n\t\t\t<div class=\"elementor-widget-wrap elementor-element-populated\">\n\t\t\t\t\t\t<div class=\"elementor-element elementor-element-a659a26 elementor-widget elementor-widget-text-editor\" data-id=\"a659a26\" data-element_type=\"widget\" data-e-type=\"widget\" data-widget_type=\"text-editor.default\">\n\t\t\t\t<div class=\"elementor-widget-container\">\n\t\t\t\t\t\t\t\t\t<h2 class=\"elementor-heading-title elementor-size-default\" style=\"text-align: center;\"><span style=\"color: #ffffff;\">Envoyez-nous un courriel \u00e0<\/span><\/h2><h2 class=\"elementor-heading-title elementor-size-default\" style=\"text-align: center;\"><span style=\"color: #ffffff;\">asesoramiento.tecnico@bmigroup.com<\/span><\/h2><h2 class=\"elementor-heading-title elementor-size-default\" style=\"text-align: center;\"><span style=\"color: #ffffff;\">\u00a0et nous vous enverrons le lien de t\u00e9l\u00e9chargement<\/span><\/h2>\t\t\t\t\t\t\t\t<\/div>\n\t\t\t\t<\/div>\n\t\t\t\t\t<\/div>\n\t\t<\/div>\n\t\t\t\t\t<\/div>\n\t\t<\/section>\n\t\t\t\t<section class=\"elementor-section elementor-top-section elementor-element elementor-element-f7a04ad elementor-section-stretched elementor-section-boxed elementor-section-height-default elementor-section-height-default\" data-id=\"f7a04ad\" data-element_type=\"section\" data-e-type=\"section\" data-settings=\"{&quot;stretch_section&quot;:&quot;section-stretched&quot;,&quot;background_background&quot;:&quot;classic&quot;}\">\n\t\t\t\t\t\t<div class=\"elementor-container elementor-column-gap-default\">\n\t\t\t\t\t<div class=\"elementor-column elementor-col-100 elementor-top-column elementor-element elementor-element-c2e404d\" data-id=\"c2e404d\" data-element_type=\"column\" data-e-type=\"column\">\n\t\t\t<div class=\"elementor-widget-wrap elementor-element-populated\">\n\t\t\t\t\t\t<div class=\"elementor-element elementor-element-f73d578 elementor-widget elementor-widget-template\" data-id=\"f73d578\" data-element_type=\"widget\" data-e-type=\"widget\" data-widget_type=\"template.default\">\n\t\t\t\t<div class=\"elementor-widget-container\">\n\t\t\t\t\t\t\t<div class=\"elementor-template\">\n\t\t\t\t\t<div data-elementor-type=\"section\" data-elementor-id=\"16072\" class=\"elementor elementor-16072 elementor-1276 elementor-1276\" data-elementor-post-type=\"elementor_library\">\n\t\t\t\t\t<section class=\"elementor-section elementor-top-section elementor-element elementor-element-2478ca51 elementor-section-content-middle elementor-section-stretched elementor-section-boxed elementor-section-height-default elementor-section-height-default\" data-id=\"2478ca51\" data-element_type=\"section\" data-e-type=\"section\" data-settings=\"{&quot;background_background&quot;:&quot;classic&quot;,&quot;stretch_section&quot;:&quot;section-stretched&quot;}\">\n\t\t\t\t\t\t<div class=\"elementor-container elementor-column-gap-no\">\n\t\t\t\t\t<div class=\"elementor-column elementor-col-50 elementor-top-column elementor-element elementor-element-2a6461b8\" data-id=\"2a6461b8\" data-element_type=\"column\" data-e-type=\"column\">\n\t\t\t<div class=\"elementor-widget-wrap elementor-element-populated\">\n\t\t\t\t\t\t<div class=\"elementor-element elementor-element-3974428e elementor-widget elementor-widget-heading\" data-id=\"3974428e\" data-element_type=\"widget\" data-e-type=\"widget\" data-widget_type=\"heading.default\">\n\t\t\t\t<div class=\"elementor-widget-container\">\n\t\t\t\t\t<h2 class=\"elementor-heading-title elementor-size-default\">Abonnez-vous \u00e0 notre newsletter<\/h2>\t\t\t\t<\/div>\n\t\t\t\t<\/div>\n\t\t\t\t<div class=\"elementor-element elementor-element-7879863c elementor-widget elementor-widget-text-editor\" data-id=\"7879863c\" data-element_type=\"widget\" data-e-type=\"widget\" data-widget_type=\"text-editor.default\">\n\t\t\t\t<div class=\"elementor-widget-container\">\n\t\t\t\t\t\t\t\t\t<p><span style=\"color: #ffffff;\">Inscrivez-vous \u00e0 notre newsletter pour recevoir chaque mois dans votre courrier \u00e9lectronique toutes les nouvelles concernant ChovA et le secteur.<\/span><\/p>\n\t\t\t\t\t\t\t\t<\/div>\n\t\t\t\t<\/div>\n\t\t\t\t<div class=\"elementor-element elementor-element-465af683 e-grid-align-left elementor-shape-rounded elementor-grid-0 elementor-widget elementor-widget-social-icons\" data-id=\"465af683\" data-element_type=\"widget\" data-e-type=\"widget\" data-widget_type=\"social-icons.default\">\n\t\t\t\t<div class=\"elementor-widget-container\">\n\t\t\t\t\t\t\t<div class=\"elementor-social-icons-wrapper elementor-grid\" role=\"list\">\n\t\t\t\t\t\t\t<span class=\"elementor-grid-item\" role=\"listitem\">\n\t\t\t\t\t<a class=\"elementor-icon elementor-social-icon elementor-social-icon-facebook-f elementor-repeater-item-993ef04\" href=\"https:\/\/www.facebook.com\/ChovAImpermeabilzacion\/\" target=\"_blank\" rel=\"noopener\">\n\t\t\t\t\t\t<span class=\"elementor-screen-only\">Facebook-f<\/span>\n\t\t\t\t\t\t<i aria-hidden=\"true\" class=\"fab fa-facebook-f\"><\/i>\t\t\t\t\t<\/a>\n\t\t\t\t<\/span>\n\t\t\t\t\t\t\t<span class=\"elementor-grid-item\" role=\"listitem\">\n\t\t\t\t\t<a class=\"elementor-icon elementor-social-icon elementor-social-icon-twitter elementor-repeater-item-a229ff5\" href=\"https:\/\/twitter.com\/ChovA_SA\" target=\"_blank\" rel=\"noopener\">\n\t\t\t\t\t\t<span class=\"elementor-screen-only\">Twitter<\/span>\n\t\t\t\t\t\t<i aria-hidden=\"true\" class=\"fab fa-twitter\"><\/i>\t\t\t\t\t<\/a>\n\t\t\t\t<\/span>\n\t\t\t\t\t\t\t<span class=\"elementor-grid-item\" role=\"listitem\">\n\t\t\t\t\t<a class=\"elementor-icon elementor-social-icon elementor-social-icon-youtube elementor-repeater-item-a1c64d4\" href=\"https:\/\/www.youtube.com\/channel\/UCZewW9d5Z5pDgDCtH-lz-7g?view_as=subscriber\" target=\"_blank\" rel=\"noopener\">\n\t\t\t\t\t\t<span class=\"elementor-screen-only\">Youtube<\/span>\n\t\t\t\t\t\t<i aria-hidden=\"true\" class=\"fab fa-youtube\"><\/i>\t\t\t\t\t<\/a>\n\t\t\t\t<\/span>\n\t\t\t\t\t\t\t<span class=\"elementor-grid-item\" role=\"listitem\">\n\t\t\t\t\t<a class=\"elementor-icon elementor-social-icon elementor-social-icon-linkedin elementor-repeater-item-f4f16ac\" href=\"https:\/\/www.linkedin.com\/company\/chova\/\" target=\"_blank\" rel=\"noopener\">\n\t\t\t\t\t\t<span class=\"elementor-screen-only\">Linkedin<\/span>\n\t\t\t\t\t\t<i aria-hidden=\"true\" class=\"fab fa-linkedin\"><\/i>\t\t\t\t\t<\/a>\n\t\t\t\t<\/span>\n\t\t\t\t\t<\/div>\n\t\t\t\t\t\t<\/div>\n\t\t\t\t<\/div>\n\t\t\t\t\t<\/div>\n\t\t<\/div>\n\t\t\t\t<div class=\"elementor-column elementor-col-50 elementor-top-column elementor-element elementor-element-224bb27\" data-id=\"224bb27\" data-element_type=\"column\" data-e-type=\"column\">\n\t\t\t<div class=\"elementor-widget-wrap elementor-element-populated\">\n\t\t\t\t\t\t<div class=\"elementor-element elementor-element-b6021fc elementor-button-align-stretch elementor-widget elementor-widget-form\" data-id=\"b6021fc\" data-element_type=\"widget\" data-e-type=\"widget\" data-settings=\"{&quot;step_next_label&quot;:&quot;Suivant&quot;,&quot;step_previous_label&quot;:&quot;Pr\\u00e9c\\u00e9dent&quot;,&quot;step_type&quot;:&quot;number_text&quot;,&quot;step_icon_shape&quot;:&quot;circle&quot;}\" data-widget_type=\"form.default\">\n\t\t\t\t<div class=\"elementor-widget-container\">\n\t\t\t\t\t\t\t<form class=\"elementor-form\" method=\"post\" name=\"Abonnement\">\n\t\t\t<input type=\"hidden\" name=\"post_id\" value=\"16072\"\/>\n\t\t\t<input type=\"hidden\" name=\"form_id\" value=\"b6021fc\"\/>\n\t\t\t<input type=\"hidden\" name=\"referer_title\" value=\"ChovATERM | Chova\" \/>\n\n\t\t\t\t\t\t\t<input type=\"hidden\" name=\"queried_id\" value=\"15300\"\/>\n\t\t\t\n\t\t\t<div class=\"elementor-form-fields-wrapper elementor-labels-\">\n\t\t\t\t\t\t\t\t<div class=\"elementor-field-type-email elementor-field-group elementor-column elementor-field-group-email elementor-col-100 elementor-field-required\">\n\t\t\t\t\t\t\t\t\t\t\t\t<label for=\"form-field-email\" class=\"elementor-field-label elementor-screen-only\">\n\t\t\t\t\t\t\t\tEmail\t\t\t\t\t\t\t<\/label>\n\t\t\t\t\t\t\t\t\t\t\t\t\t\t<input size=\"1\" type=\"email\" name=\"form_fields[email]\" id=\"form-field-email\" class=\"elementor-field elementor-size-md  elementor-field-textual\" placeholder=\"Email\" required=\"required\">\n\t\t\t\t\t\t\t\t\t\t\t<\/div>\n\t\t\t\t\t\t\t\t<div class=\"elementor-field-type-acceptance elementor-field-group elementor-column elementor-field-group-field_8225d09 elementor-col-100 elementor-field-required\">\n\t\t\t\t\t\t\t<div class=\"elementor-field-subgroup\">\n\t\t\t<span class=\"elementor-field-option\">\n\t\t\t\t<input type=\"checkbox\" name=\"form_fields[field_8225d09]\" id=\"form-field-field_8225d09\" class=\"elementor-field elementor-size-md  elementor-acceptance-field\" required=\"required\">\n\t\t\t\t<label for=\"form-field-field_8225d09\">J'accepte <a href=\"https:\/\/chova.com\/fr\/politica-privacidad\/\" target=\"_blank\" style=\"    color: #fff;\"> les termes et conditions *<\/a><\/label>\t\t\t<\/span>\n\t\t<\/div>\n\t\t\t\t\t\t<\/div>\n\t\t\t\t\t\t\t\t<div class=\"elementor-field-group elementor-column elementor-field-type-submit elementor-col-100 e-form__buttons\">\n\t\t\t\t\t<button class=\"elementor-button elementor-size-sm\" type=\"submit\">\n\t\t\t\t\t\t<span class=\"elementor-button-content-wrapper\">\n\t\t\t\t\t\t\t\t\t\t\t\t\t\t\t\t\t\t\t\t\t\t<span class=\"elementor-button-text\">S'abonner<\/span>\n\t\t\t\t\t\t\t\t\t\t\t\t\t<\/span>\n\t\t\t\t\t<\/button>\n\t\t\t\t<\/div>\n\t\t\t<\/div>\n\t\t<\/form>\n\t\t\t\t\t\t<\/div>\n\t\t\t\t<\/div>\n\t\t\t\t\t<\/div>\n\t\t<\/div>\n\t\t\t\t\t<\/div>\n\t\t<\/section>\n\t\t\t\t<\/div>\n\t\t\t\t<\/div>\n\t\t\t\t\t\t<\/div>\n\t\t\t\t<\/div>\n\t\t\t\t\t<\/div>\n\t\t<\/div>\n\t\t\t\t\t<\/div>\n\t\t<\/section>\n\t\t\t\t<\/div>\n\t\t","protected":false},"excerpt":{"rendered":"<p>Software Acoustique La gamme ChovACUSTIC, leader dans l&rsquo;isolation acoustique des b\u00e2timents et dans la recherche de solutions pour le b\u00e2timent, propose un logiciel pour l\u2019isolation acoustique. Le logiciel, ChovACUSTIC Soft, [&hellip;]<\/p>\n","protected":false},"author":1,"featured_media":0,"parent":18039,"menu_order":0,"comment_status":"closed","ping_status":"closed","template":"fullwidth.php","meta":{"_acf_changed":false,"advgb_blocks_editor_width":"","advgb_blocks_columns_visual_guide":"","ghostkit_customizer_options":"","ghostkit_custom_css":"","ghostkit_custom_js_head":"","ghostkit_custom_js_foot":"","ghostkit_typography":"","footnotes":""},"class_list":["post-18068","page","type-page","status-publish","hentry"],"acf":[],"coauthors":[],"author_meta":{"author_link":"https:\/\/chova.com\/fr\/author\/chova\/","display_name":"chova"},"relative_dates":{"created":"Publi\u00e9 6 ans il y a","modified":"Mis \u00e0 jour 3 ans il y a"},"absolute_dates":{"created":"Publi\u00e9 le 22 mai 2020","modified":"Mise \u00e0 jour le 6 f\u00e9vrier 2023"},"absolute_dates_time":{"created":"Publi\u00e9 le 22 mai 2020 14h52","modified":"Mise \u00e0 jour le 6 f\u00e9vrier 2023 17h47"},"featured_img_caption":"","featured_img":false,"series_order":"","_links":{"self":[{"href":"https:\/\/chova.com\/fr\/wp-json\/wp\/v2\/pages\/18068","targetHints":{"allow":["GET"]}}],"collection":[{"href":"https:\/\/chova.com\/fr\/wp-json\/wp\/v2\/pages"}],"about":[{"href":"https:\/\/chova.com\/fr\/wp-json\/wp\/v2\/types\/page"}],"author":[{"embeddable":true,"href":"https:\/\/chova.com\/fr\/wp-json\/wp\/v2\/users\/1"}],"replies":[{"embeddable":true,"href":"https:\/\/chova.com\/fr\/wp-json\/wp\/v2\/comments?post=18068"}],"version-history":[{"count":2,"href":"https:\/\/chova.com\/fr\/wp-json\/wp\/v2\/pages\/18068\/revisions"}],"predecessor-version":[{"id":48450,"href":"https:\/\/chova.com\/fr\/wp-json\/wp\/v2\/pages\/18068\/revisions\/48450"}],"up":[{"embeddable":true,"href":"https:\/\/chova.com\/fr\/wp-json\/wp\/v2\/pages\/18039"}],"wp:attachment":[{"href":"https:\/\/chova.com\/fr\/wp-json\/wp\/v2\/media?parent=18068"}],"curies":[{"name":"wp","href":"https:\/\/api.w.org\/{rel}","templated":true}]}}