{"id":36487,"date":"2021-03-16T11:25:07","date_gmt":"2021-03-16T11:25:07","guid":{"rendered":"https:\/\/chova.web-pre.com\/politique-de-cookies\/"},"modified":"2021-03-16T11:25:08","modified_gmt":"2021-03-16T11:25:08","slug":"politique-de-cookies","status":"publish","type":"page","link":"https:\/\/chova.com\/fr\/politique-de-cookies\/","title":{"rendered":"Politique de cookies"},"content":{"rendered":"\n<p>Dans&#13;\nce site Web, propri\u00e9t\u00e9 d&rsquo;ASFALTOS CHOVA, S.A. sont collect\u00e9s et utilis\u00e9s&#13;\nles informations telles qu&rsquo;indiqu\u00e9es dans notre politique de confidentialit\u00e9,&#13;\nconforme aux dispositions du r\u00e8glement (UE) 2016\/679 du&#13;\nParlement europ\u00e9en et du Conseil, du 27 avril 2016, concernant&#13;\nla protection des personnes physiques \u00e0 l&rsquo;\u00e9gard&#13;\nle traitement des donn\u00e9es personnelles et la libre circulation de celles-ci&#13;\ndonn\u00e9es (ci-apr\u00e8s, le \u00abRGPD\u00bb), et loi organique 3\/2018, du 5&#13;\nD\u00e9cembre, protection des donn\u00e9es personnelles et garantie de&#13;\nDroits num\u00e9riques (LOPDGDD).<\/p>\n\n<p>L&rsquo;une des fa\u00e7ons dont les informations sont collect\u00e9es consiste \u00e0 utiliser une technologie appel\u00e9e \u00abcookies\u00bb.<\/p>\n\n<h2 class=\"wp-block-heading\">Qu&rsquo;est-ce qu&rsquo;un cookie?<\/h2>\n\n<p>Un \u00abcookie\u00bb est une petite quantit\u00e9 de texte qui est stock\u00e9e dans votre navigateur (comme Google Chrome ou Apple Safari) lorsque vous naviguez sur la plupart des sites Web.<\/p>\n\n<h2 class=\"wp-block-heading\">Quelles informations un cookie stocke-t-il?<\/h2>\n\n<p>Le&#13;\nLes cookies ne stockent g\u00e9n\u00e9ralement pas d&rsquo;informations sensibles sur vous, telles que&#13;\ncartes de cr\u00e9dit ou coordonn\u00e9es bancaires, photos ou informations&#13;\npersonnel, etc. Les donn\u00e9es qu&rsquo;ils conservent sont de nature technique,&#13;\nstatistiques, pr\u00e9f\u00e9rences personnelles, personnalisation de&#13;\ncontenu, etc.<\/p>\n\n<p>Le serveur Web ne vous associe pas en tant que personne mais plut\u00f4t \u00e0 votre navigateur Web. En fait, si vous naviguez r\u00e9guli\u00e8rement avec le navigateur Chrome et essayez de naviguer sur le m\u00eame site Web avec le navigateur Firefox, vous verrez que le site Web ne se rend pas compte que vous \u00eates la m\u00eame personne car&#13;\nvous associez en fait les informations au navigateur, pas \u00e0 la personne.<\/p>\n\n<h2 class=\"wp-block-heading\">Quels types de cookies existe-t-il?<\/h2>\n\n<ul class=\"wp-block-list\"><li>Cookies techniques: Ce sont les plus basiques et permettent, entre autres, de savoir quand une application humaine ou automatis\u00e9e navigue, quand un utilisateur anonyme et un utilisateur enregistr\u00e9 naviguent, t\u00e2ches de base pour le fonctionnement de tout site Web dynamique.<\/li><li>Cookies d&rsquo;analyse: ils collectent des informations sur le type de navigation que vous effectuez, les rubriques que vous utilisez le plus, les produits consult\u00e9s, le fuseau horaire d&rsquo;utilisation, la langue, etc.<\/li><li>Cookies publicitaires: ils affichent des publicit\u00e9s en fonction de votre navigation, de votre pays d&rsquo;origine, de votre langue, etc.<\/li><\/ul>\n\n<h2 class=\"wp-block-heading\">Que sont les cookies propres et ceux de tiers?<\/h2>\n\n<p>Les cookies propres sont ceux g\u00e9n\u00e9r\u00e9s par la page que vous visitez et ceux de tiers sont ceux g\u00e9n\u00e9r\u00e9s par des services ou des fournisseurs externes tels que Google, Facebook, Twitter, etc.<\/p>\n\n<h2 class=\"wp-block-heading\">Quels cookies ce site utilise-t-il?<\/h2>\n\n<p>Le&#13;\nle propri\u00e9taire du site Web peut utiliser des cookies lors de la mise \u00e0 disposition&#13;\nservices de site Web. Les cookies de type \u00ab\u00a0 Propre \u00a0\u00bb sont&#13;\nutilis\u00e9 uniquement par le propri\u00e9taire de ce site Web et les cookies &lsquo;De&#13;\ndes tiers sont utilis\u00e9s par le fournisseur de services.<\/p>\n\n<p>Les d\u00e9tails des cookies utilis\u00e9s sur cette page Web sont les suivants:<\/p>\n\n<figure class=\"wp-block-table is-style-stripes\"><table class=\"has-fixed-layout\"><tbody><tr><td>\t\t\tCookies&#13;\n\t\t<\/td><td>\t\t\tNom&#13;\n\t\t<\/td><td>\t\t\tType<\/td><td>\t\t\tObjectif&#13;\n\t\t<\/td><td>\t\t\tPlus d&rsquo;informations&#13;\n\t\t<\/td><\/tr><tr><td>\t\t\t_utma&#13;\n\t\t\t_utmb&#13;\n\t\t\t_utmc&#13;\n\t\t\t_utmz&#13;\n\t\t\t_ga&#13;\n\t\t\t_gat&#13;\n\t\t\t_gid&#13;\n\t\t\t_icl_current_language&#13;\n\t\t\tcf7msm_check&#13;\n\t\t\t<br\/>&#13;\n\t\t\t&#13;\n\t\t<\/td><td>\t\t\tGoogle analytics&#13;\n\t\t<\/td><td>\t\t\tDe tiers&#13;\n\t\t<\/td><td>Recueillir des informations sur la navigation du&#13;\nutilisateurs via le site Web afin de conna\u00eetre l&rsquo;origine du&#13;\nvisites et autres donn\u00e9es similaires au niveau statistique. Ne obtient pas&#13;\nles donn\u00e9es des noms ou pr\u00e9noms des utilisateurs ou du&#13;\nadresse postale sp\u00e9cifique \u00e0 partir de laquelle ils se connectent.<\/td><td>\t\t\tGoogle Analytics Centre de confidentialit\u00e9 Google:&#13;\n\t\t\thttp:\/\/www.google.com\/intl\/es\/policies\/privacy\/&#13;\n\t\t<\/td><\/tr><\/tbody><\/table><\/figure>\n\n<h2 class=\"wp-block-heading\">Comment supprimer les cookies?<\/h2>\n\n<p>Il peut&#13;\nvous autorisez, bloquez ou supprimez les cookies install\u00e9s sur votre&#13;\nordinateur en configurant les options du navigateur&#13;\ninstall\u00e9 sur votre ordinateur: d\u00e9sactivez le plug-in pour&#13;\nNavigateurs Google Analytics.<\/p>\n\n<p>Si vous souhaitez refuser les cookies analytiques de Google Analytics dans tous les navigateurs, afin que vos informations ne soient pas envoy\u00e9es \u00e0 Google Analytics, vous pouvez t\u00e9l\u00e9charger un plug-in qui ex\u00e9cute cette fonction \u00e0 partir de ce lien.<\/p>\n\n<h2 class=\"wp-block-heading\">Avertissement<\/h2>\n\n<p>Oui&#13;\nchoisir de quitter notre site Web via des liens de page&#13;\nweb n&rsquo;appartenant pas \u00e0 notre entit\u00e9, nous ne serons pas responsables&#13;\ndes politiques de confidentialit\u00e9 desdits sites Web ou du&#13;\ncookies que ceux-ci peuvent stocker sur l&rsquo;ordinateur de l&rsquo;utilisateur.&#13;\nNotre politique en mati\u00e8re de courrier \u00e9lectronique se concentre sur&#13;\nn&rsquo;envoyez que les communications que vous avez demand\u00e9 de recevoir.<\/p>\n\n<p>Oui&#13;\nvous pr\u00e9f\u00e9rez ne pas recevoir ces messages par e-mail.&#13;\nnous offrons la possibilit\u00e9 d&rsquo;exercer votre droit de r\u00e9tractation et&#13;\nvous renoncez \u00e0 recevoir ces messages par leur interm\u00e9diaire,&#13;\nconform\u00e9ment aux dispositions du titre III, article 22 de la&#13;\nLoi 34\/2002 sur les services pour la soci\u00e9t\u00e9 de l&rsquo;information et&#13;\nCommerce \u00e9lectronique.<\/p>\n","protected":false},"excerpt":{"rendered":"<p>Dans&#13; ce site Web, propri\u00e9t\u00e9 d&rsquo;ASFALTOS CHOVA, S.A. sont collect\u00e9s et utilis\u00e9s&#13; les informations telles qu&rsquo;indiqu\u00e9es dans notre politique de confidentialit\u00e9,&#13; conforme aux dispositions du r\u00e8glement (UE) 2016\/679 du&#13; Parlement [&hellip;]<\/p>\n","protected":false},"author":1,"featured_media":0,"parent":0,"menu_order":0,"comment_status":"closed","ping_status":"closed","template":"fullwidth.php","meta":{"_acf_changed":false,"advgb_blocks_editor_width":"","advgb_blocks_columns_visual_guide":"","ghostkit_customizer_options":"","ghostkit_custom_css":"","ghostkit_custom_js_head":"","ghostkit_custom_js_foot":"","ghostkit_typography":"","footnotes":""},"class_list":["post-36487","page","type-page","status-publish","hentry"],"acf":[],"coauthors":[],"author_meta":{"author_link":"https:\/\/chova.com\/fr\/author\/chova\/","display_name":"chova"},"relative_dates":{"created":"Publi\u00e9 5 ans il y a","modified":"Mis \u00e0 jour 5 ans il y a"},"absolute_dates":{"created":"Publi\u00e9 le 16 mars 2021","modified":"Mise \u00e0 jour le 16 mars 2021"},"absolute_dates_time":{"created":"Publi\u00e9 le 16 mars 2021 11h25","modified":"Mise \u00e0 jour le 16 mars 2021 11h25"},"featured_img_caption":"","featured_img":false,"series_order":"","_links":{"self":[{"href":"https:\/\/chova.com\/fr\/wp-json\/wp\/v2\/pages\/36487","targetHints":{"allow":["GET"]}}],"collection":[{"href":"https:\/\/chova.com\/fr\/wp-json\/wp\/v2\/pages"}],"about":[{"href":"https:\/\/chova.com\/fr\/wp-json\/wp\/v2\/types\/page"}],"author":[{"embeddable":true,"href":"https:\/\/chova.com\/fr\/wp-json\/wp\/v2\/users\/1"}],"replies":[{"embeddable":true,"href":"https:\/\/chova.com\/fr\/wp-json\/wp\/v2\/comments?post=36487"}],"version-history":[{"count":0,"href":"https:\/\/chova.com\/fr\/wp-json\/wp\/v2\/pages\/36487\/revisions"}],"wp:attachment":[{"href":"https:\/\/chova.com\/fr\/wp-json\/wp\/v2\/media?parent=36487"}],"curies":[{"name":"wp","href":"https:\/\/api.w.org\/{rel}","templated":true}]}}