{"id":36492,"date":"2021-03-16T12:19:41","date_gmt":"2021-03-16T12:19:41","guid":{"rendered":"https:\/\/chova.web-pre.com\/plus-dinformations-sur-les-cookies\/"},"modified":"2021-03-16T12:19:41","modified_gmt":"2021-03-16T12:19:41","slug":"plus-dinformations-sur-les-cookies","status":"publish","type":"page","link":"https:\/\/chova.com\/fr\/plus-dinformations-sur-les-cookies\/","title":{"rendered":"Plus d&rsquo;informations sur les cookies"},"content":{"rendered":"<h2>Qu&rsquo;est-ce qu&rsquo;un cookie?<\/h2>\n<p>Un cookie est un fichier texte inoffensif qui est stock\u00e9 dans votre navigateur lorsque vous visitez presque toutes les pages Web. L&rsquo;utilit\u00e9 du cookie est que le Web est capable de se souvenir de votre visite lorsque vous revenez sur cette page. Bien que beaucoup de gens ne le sachent pas, les cookies sont utilis\u00e9s depuis 20 ans, lorsque les premiers navigateurs du World Wide Web sont apparus.<\/p>\n<h2>Qu&rsquo;est-ce PAS un cookie?<\/h2>\n<p>Ce n&rsquo;est ni un virus, ni un cheval de Troie, ni un ver, ni un spam, ni un logiciel espion, ni une fen\u00eatre contextuelle.<\/p>\n<h2>Quelles informations un cookie stocke-t-il?<\/h2>\n<p>Les cookies ne stockent g\u00e9n\u00e9ralement pas d&rsquo;informations sensibles sur vous, telles que des cartes de cr\u00e9dit ou des coordonn\u00e9es bancaires, des photographies, votre identit\u00e9 ou des informations personnelles, etc. Les donn\u00e9es qu&rsquo;ils conservent sont de nature technique, pr\u00e9f\u00e9rences personnelles, personnalisation du contenu, etc.<\/p>\n<p>Le serveur Web ne vous associe pas en tant que personne mais \u00e0 votre navigateur Web. En fait, si vous naviguez r\u00e9guli\u00e8rement avec Internet Explorer et essayez de naviguer sur le m\u00eame site Web avec Firefox ou Chrome, vous verrez que le Web ne se rend pas compte que vous \u00eates la m\u00eame personne car il associe en fait le navigateur, pas la personne.<\/p>\n<h2>Quels types de cookies existe-t-il?<\/h2>\n<p>Cookies techniques: Ils sont les plus basiques et permettent, entre autres, de savoir quand une application humaine ou automatis\u00e9e navigue, lorsqu&rsquo;un utilisateur anonyme et un utilisateur enregistr\u00e9 naviguent, t\u00e2ches de base pour le fonctionnement de tout site Web dynamique.<\/p>\n<ul>\n<li>Cookies d&rsquo;analyse: ils collectent des informations sur le type de navigation que vous effectuez, les rubriques que vous utilisez le plus, les produits consult\u00e9s, le fuseau horaire d&rsquo;utilisation, la langue, etc.<\/li>\n<li>Cookies publicitaires: ils affichent des publicit\u00e9s en fonction de votre navigation, de votre pays d&rsquo;origine, de votre langue, etc.<\/li>\n<li>Que sont les cookies propres et ceux de tiers?<\/li>\n<\/ul>\n<p>Les cookies propres sont ceux g\u00e9n\u00e9r\u00e9s par la page que vous visitez et ceux de tiers sont ceux g\u00e9n\u00e9r\u00e9s par des services ou fournisseurs externes tels que Facebook, Twitter, Google, etc.<\/p>\n<h2>Que se passe-t-il si je d\u00e9sactive les cookies?<\/h2>\n<p>Pour comprendre la port\u00e9e de la d\u00e9sactivation des cookies, nous vous montrons quelques exemples:<\/p>\n<p>Vous ne pourrez pas partager le contenu de ce site Web sur Facebook, Twitter ou tout autre r\u00e9seau social.<br \/>\nLe site Web ne pourra pas adapter le contenu \u00e0 vos pr\u00e9f\u00e9rences personnelles, comme c&rsquo;est souvent le cas dans les boutiques en ligne.<br \/>\nVous ne pourrez pas acc\u00e9der \u00e0 l&rsquo;espace personnel de ce site Web, tel que Mon compte, ou Mon profil ou Mes commandes.<br \/>\nBoutiques en ligne: Il vous sera impossible de faire des achats en ligne, ils devront se faire par t\u00e9l\u00e9phone ou en visitant le magasin physique si vous en avez un.<br \/>\nIl ne sera pas possible de personnaliser vos pr\u00e9f\u00e9rences g\u00e9ographiques telles que le fuseau horaire, la devise ou la langue.<br \/>\nLe site Web ne sera pas en mesure d&rsquo;effectuer des analyses Web sur les visiteurs et le trafic sur le Web, ce qui rendra difficile la comp\u00e9titivit\u00e9 du Web.<br \/>\nVous ne pourrez pas \u00e9crire sur le blog, vous ne pourrez pas t\u00e9l\u00e9charger de photos, publier des commentaires, noter ou noter le contenu. Le Web ne pourra pas non plus savoir si vous \u00eates un humain ou une application automatis\u00e9e qui publie du spam.<br \/>\nIl ne sera pas possible d&rsquo;afficher de la publicit\u00e9 sectoris\u00e9e, ce qui r\u00e9duira les revenus publicitaires du web.<br \/>\nTous les r\u00e9seaux sociaux utilisent des cookies, si vous les d\u00e9sactivez, vous ne pourrez utiliser aucun r\u00e9seau social.<\/p>\n<h2>Pouvez-vous supprimer les cookies?<\/h2>\n<p>Oui, non seulement supprimer, mais aussi bloquer, de mani\u00e8re g\u00e9n\u00e9rale ou particuli\u00e8re pour un domaine sp\u00e9cifique.<\/p>\n<p>Pour supprimer les cookies d&rsquo;un site Web, vous devez vous rendre dans les param\u00e8tres de votre navigateur et y rechercher ceux associ\u00e9s au domaine en question et proc\u00e9der \u00e0 leur suppression.<\/p>\n<h2>Param\u00e8tres des cookies pour les navigateurs les plus populaires<\/h2>\n<p>Voici comment acc\u00e9der \u00e0 un cookie sp\u00e9cifique \u00e0 partir du navigateur Chrome. Remarque: ces \u00e9tapes peuvent varier en fonction de la version du navigateur:<\/p>\n<ol>\n<li>Allez dans Param\u00e8tres ou Pr\u00e9f\u00e9rences via le menu Fichier ou en cliquant sur l&rsquo;ic\u00f4ne de personnalisation qui appara\u00eet en haut \u00e0 droite.<\/li>\n<li>Vous verrez diff\u00e9rentes sections, cliquez sur l&rsquo;option Afficher les options avanc\u00e9es.<\/li>\n<li>Acc\u00e9dez \u00e0 Confidentialit\u00e9, Param\u00e8tres de contenu.<\/li>\n<li>S\u00e9lectionnez Tous les cookies et donn\u00e9es de site.<\/li>\n<li>Une liste appara\u00eetra avec tous les cookies class\u00e9s par domaine. Pour vous faciliter la recherche des cookies d&rsquo;un certain domaine, saisissez l&rsquo;adresse partiellement ou compl\u00e8tement dans le champ Rechercher des cookies.<\/li>\n<li>Apr\u00e8s avoir effectu\u00e9 ce filtre, une ou plusieurs lignes avec les cookies du site Web demand\u00e9 appara\u00eetront \u00e0 l&rsquo;\u00e9cran. Il ne vous reste plus qu&rsquo;\u00e0 le s\u00e9lectionner et \u00e0 appuyer sur le X pour proc\u00e9der \u00e0 son \u00e9limination.<\/li>\n<\/ol>\n<p>Pour acc\u00e9der aux param\u00e8tres de cookies du navigateur Internet Explorer, proc\u00e9dez comme suit (ils peuvent varier en fonction de la version du navigateur):<\/p>\n<ol>\n<li>Allez dans Outils, Options Internet<\/li>\n<li>Cliquez sur Confidentialit\u00e9.<\/li>\n<li>D\u00e9placez le curseur pour r\u00e9gler le niveau de confidentialit\u00e9 souhait\u00e9.<br \/>\nPour acc\u00e9der aux param\u00e8tres de cookies du navigateur Firefox, proc\u00e9dez comme suit (ils peuvent varier en fonction de la version du navigateur):<\/li>\n<\/ol>\n<p>Acc\u00e9dez \u00e0 Options ou Pr\u00e9f\u00e9rences en fonction de votre syst\u00e8me d&rsquo;exploitation.<\/p>\n<ol>\n<li>Cliquez sur Confidentialit\u00e9.<\/li>\n<li>Sous Historique, choisissez Utiliser les param\u00e8tres personnalis\u00e9s pour l&rsquo;historique.<\/li>\n<li>Vous verrez maintenant l&rsquo;option<\/li>\n<\/ol>\n<p>Pour acc\u00e9der aux param\u00e8tres de cookies du navigateur Safari pour iOS, proc\u00e9dez comme suit (ils peuvent varier en fonction de la version du navigateur):<\/p>\n<ol>\n<li>Allez dans Param\u00e8tres, puis Safari.<\/li>\n<li>Allez dans Confidentialit\u00e9 et s\u00e9curit\u00e9, vous verrez l&rsquo;option Bloquer les cookies pour ajuster le type de blocage que vous souhaitez effectuer.<\/li>\n<li>Pour acc\u00e9der aux param\u00e8tres de cookies du navigateur pour les appareils Android, proc\u00e9dez comme suit (ils peuvent varier en fonction de la version du navigateur):<\/li>\n<\/ol>\n<p>Lancez le navigateur et appuyez sur la touche Menu, puis sur Param\u00e8tres.<\/p>\n<p>Allez dans S\u00e9curit\u00e9 et confidentialit\u00e9, vous verrez l&rsquo;option Accepter les cookies pour activer ou d\u00e9sactiver la bo\u00eete.<\/p>\n<p>Pour acc\u00e9der aux param\u00e8tres de cookies du navigateur pour les appareils Windows Phone, proc\u00e9dez comme suit (ils peuvent varier en fonction de la version du navigateur):<\/p>\n<ol>\n<li>Ouvrez Internet Explorer, puis Plus, puis Param\u00e8tres<\/li>\n<li>Vous pouvez maintenant activer ou d\u00e9sactiver la case Autoriser les cookies.<\/li>\n<\/ol>\n","protected":false},"excerpt":{"rendered":"<p>Qu&rsquo;est-ce qu&rsquo;un cookie? Un cookie est un fichier texte inoffensif qui est stock\u00e9 dans votre navigateur lorsque vous visitez presque toutes les pages Web. L&rsquo;utilit\u00e9 du cookie est que le [&hellip;]<\/p>\n","protected":false},"author":1,"featured_media":0,"parent":0,"menu_order":0,"comment_status":"closed","ping_status":"closed","template":"","meta":{"_acf_changed":false,"advgb_blocks_editor_width":"","advgb_blocks_columns_visual_guide":"","ghostkit_customizer_options":"","ghostkit_custom_css":"","ghostkit_custom_js_head":"","ghostkit_custom_js_foot":"","ghostkit_typography":"","footnotes":""},"class_list":["post-36492","page","type-page","status-publish","hentry"],"acf":[],"coauthors":[],"author_meta":{"author_link":"https:\/\/chova.com\/fr\/author\/chova\/","display_name":"chova"},"relative_dates":{"created":"Publi\u00e9 5 ans il y a","modified":"Mis \u00e0 jour 5 ans il y a"},"absolute_dates":{"created":"Publi\u00e9 le 16 mars 2021","modified":"Mise \u00e0 jour le 16 mars 2021"},"absolute_dates_time":{"created":"Publi\u00e9 le 16 mars 2021 12h19","modified":"Mise \u00e0 jour le 16 mars 2021 12h19"},"featured_img_caption":"","featured_img":false,"series_order":"","_links":{"self":[{"href":"https:\/\/chova.com\/fr\/wp-json\/wp\/v2\/pages\/36492","targetHints":{"allow":["GET"]}}],"collection":[{"href":"https:\/\/chova.com\/fr\/wp-json\/wp\/v2\/pages"}],"about":[{"href":"https:\/\/chova.com\/fr\/wp-json\/wp\/v2\/types\/page"}],"author":[{"embeddable":true,"href":"https:\/\/chova.com\/fr\/wp-json\/wp\/v2\/users\/1"}],"replies":[{"embeddable":true,"href":"https:\/\/chova.com\/fr\/wp-json\/wp\/v2\/comments?post=36492"}],"version-history":[{"count":0,"href":"https:\/\/chova.com\/fr\/wp-json\/wp\/v2\/pages\/36492\/revisions"}],"wp:attachment":[{"href":"https:\/\/chova.com\/fr\/wp-json\/wp\/v2\/media?parent=36492"}],"curies":[{"name":"wp","href":"https:\/\/api.w.org\/{rel}","templated":true}]}}