{"id":18069,"date":"2020-05-24T08:15:16","date_gmt":"2020-05-24T08:15:16","guid":{"rendered":"https:\/\/chova.web-pre.com\/?page_id=18069"},"modified":"2023-02-06T17:47:59","modified_gmt":"2023-02-06T15:47:59","slug":"software","status":"publish","type":"page","link":"https:\/\/chova.com\/pt-pt\/centro-tecnico\/software\/","title":{"rendered":"ChovACUSTIC SOFT &#8211; Software para Isolamento Ac\u00fastico"},"content":{"rendered":"\t\t<div data-elementor-type=\"wp-page\" data-elementor-id=\"18069\" class=\"elementor elementor-18069 elementor-18066\" data-elementor-post-type=\"page\">\n\t\t\t\t\t\t<section class=\"elementor-section elementor-top-section elementor-element elementor-element-222fd23c elementor-section-stretched elementor-section-height-min-height elementor-section-content-bottom elementor-section-boxed elementor-section-height-default elementor-section-items-middle\" data-id=\"222fd23c\" data-element_type=\"section\" data-e-type=\"section\" data-settings=\"{&quot;stretch_section&quot;:&quot;section-stretched&quot;,&quot;background_background&quot;:&quot;classic&quot;}\">\n\t\t\t\t\t\t\t<div class=\"elementor-background-overlay\"><\/div>\n\t\t\t\t\t\t\t<div class=\"elementor-container elementor-column-gap-no\">\n\t\t\t\t\t<div class=\"elementor-column elementor-col-100 elementor-top-column elementor-element elementor-element-3652ebe5\" data-id=\"3652ebe5\" data-element_type=\"column\" data-e-type=\"column\">\n\t\t\t<div class=\"elementor-widget-wrap elementor-element-populated\">\n\t\t\t\t\t\t<div class=\"elementor-element elementor-element-534300e elementor-widget elementor-widget-heading\" data-id=\"534300e\" data-element_type=\"widget\" data-e-type=\"widget\" data-widget_type=\"heading.default\">\n\t\t\t\t<div class=\"elementor-widget-container\">\n\t\t\t\t\t<h1 class=\"elementor-heading-title elementor-size-default\">Software Ac\u00fastico<\/h1>\t\t\t\t<\/div>\n\t\t\t\t<\/div>\n\t\t\t\t<div class=\"elementor-element elementor-element-18d62925 elementor-widget-divider--view-line elementor-widget elementor-widget-divider\" data-id=\"18d62925\" data-element_type=\"widget\" data-e-type=\"widget\" data-widget_type=\"divider.default\">\n\t\t\t\t<div class=\"elementor-widget-container\">\n\t\t\t\t\t\t\t<div class=\"elementor-divider\">\n\t\t\t<span class=\"elementor-divider-separator\">\n\t\t\t\t\t\t<\/span>\n\t\t<\/div>\n\t\t\t\t\t\t<\/div>\n\t\t\t\t<\/div>\n\t\t\t\t<div class=\"elementor-element elementor-element-3d54d49 cabecera_texto elementor-widget elementor-widget-text-editor\" data-id=\"3d54d49\" data-element_type=\"widget\" data-e-type=\"widget\" data-widget_type=\"text-editor.default\">\n\t\t\t\t<div class=\"elementor-widget-container\">\n\t\t\t\t\t\t\t\t\t<p class=\"entry-title\"><strong>ChovACUSTIC SOFT<\/strong> \u00e9 uma ferramenta para fornecer isolamento ac\u00fastico. Na <strong>ChovA<\/strong> oferecemos anos t\u00e9cnicos gratuitos <strong>ChovACUSTIC SOFT<\/strong>, uma ferramenta que n\u00e3o pode oferecer outra empresa fabricante de materiais.<\/p>\n<p class=\"entry-title\">\n\t\t\t\t\t\t\t\t<\/div>\n\t\t\t\t<\/div>\n\t\t\t\t\t<\/div>\n\t\t<\/div>\n\t\t\t\t\t<\/div>\n\t\t<\/section>\n\t\t\t\t<section class=\"elementor-section elementor-top-section elementor-element elementor-element-27b2167 elementor-section-content-middle elementor-section-stretched elementor-section-boxed elementor-section-height-default elementor-section-height-default\" data-id=\"27b2167\" data-element_type=\"section\" data-e-type=\"section\" data-settings=\"{&quot;stretch_section&quot;:&quot;section-stretched&quot;}\">\n\t\t\t\t\t\t<div class=\"elementor-container elementor-column-gap-wide\">\n\t\t\t\t\t<div class=\"elementor-column elementor-col-50 elementor-top-column elementor-element elementor-element-d975120\" data-id=\"d975120\" data-element_type=\"column\" data-e-type=\"column\">\n\t\t\t<div class=\"elementor-widget-wrap elementor-element-populated\">\n\t\t\t\t\t\t<div class=\"elementor-element elementor-element-33278b9 elementor-widget elementor-widget-image\" data-id=\"33278b9\" data-element_type=\"widget\" data-e-type=\"widget\" chovacustic=\"\" data-widget_type=\"image.default\">\n\t\t\t\t<div class=\"elementor-widget-container\">\n\t\t\t\t\t\t\t\t\t\t\t\t\t\t\t<img fetchpriority=\"high\" decoding=\"async\" width=\"1024\" height=\"485\" src=\"https:\/\/chova.com\/wp-content\/uploads\/2020\/05\/chovacustic-sortware-1024x485.jpg\" class=\"attachment-large size-large wp-image-18073\" alt=\"\" srcset=\"https:\/\/chova.com\/wp-content\/uploads\/2020\/05\/chovacustic-sortware-1024x485.jpg 1024w, https:\/\/chova.com\/wp-content\/uploads\/2020\/05\/chovacustic-sortware-300x142.jpg 300w, https:\/\/chova.com\/wp-content\/uploads\/2020\/05\/chovacustic-sortware-768x364.jpg 768w, https:\/\/chova.com\/wp-content\/uploads\/2020\/05\/chovacustic-sortware-1600x757.jpg 1600w, https:\/\/chova.com\/wp-content\/uploads\/2020\/05\/chovacustic-sortware-1536x727.jpg 1536w, https:\/\/chova.com\/wp-content\/uploads\/2020\/05\/chovacustic-sortware-2048x969.jpg 2048w, https:\/\/chova.com\/wp-content\/uploads\/2020\/05\/chovacustic-sortware-500x237.jpg 500w, https:\/\/chova.com\/wp-content\/uploads\/2020\/05\/chovacustic-sortware-800x379.jpg 800w, https:\/\/chova.com\/wp-content\/uploads\/2020\/05\/chovacustic-sortware-1280x606.jpg 1280w, https:\/\/chova.com\/wp-content\/uploads\/2020\/05\/chovacustic-sortware-1920x909.jpg 1920w\" sizes=\"(max-width: 1024px) 100vw, 1024px\" \/>\t\t\t\t\t\t\t\t\t\t\t\t\t\t\t<\/div>\n\t\t\t\t<\/div>\n\t\t\t\t\t<\/div>\n\t\t<\/div>\n\t\t\t\t<div class=\"elementor-column elementor-col-50 elementor-top-column elementor-element elementor-element-b36682b\" data-id=\"b36682b\" data-element_type=\"column\" data-e-type=\"column\">\n\t\t\t<div class=\"elementor-widget-wrap elementor-element-populated\">\n\t\t\t\t\t\t<div class=\"elementor-element elementor-element-d11c977 elementor-widget elementor-widget-text-editor\" data-id=\"d11c977\" data-element_type=\"widget\" data-e-type=\"widget\" data-widget_type=\"text-editor.default\">\n\t\t\t\t<div class=\"elementor-widget-container\">\n\t\t\t\t\t\t\t\t\t<p><strong><em>&#8220;Um em cada quatro espanh\u00f3is considera o ru\u00eddo o principal problema em casa&#8221;.<\/em><\/strong><\/p>\n<p>Da <strong>ChovACUSTIC<\/strong>, empresa l\u00edder em isolamento ac\u00fastico para edif\u00edcios, desenvolvemos o software <strong>ChovACUSTIC SOFT<\/strong> para a previs\u00e3o do isolamento ac\u00fastico.<\/p>\n<p>Em primeiro lugar, \u00e9 um software de f\u00e1cil instala\u00e7\u00e3o onde pode escolher a solu\u00e7\u00e3o mais adequada de acordo com cada necessidade ac\u00fastica. Por se tratar de uma poderosa ferramenta de livre acesso que responde \u00e0s necessidades do projetista, sempre levando em considera\u00e7\u00e3o todas as vari\u00e1veis \u200b\u200bdas quais depende o<strong> isolamento ac\u00fastico<\/strong> nas condi\u00e7\u00f5es de trabalho acabadas.<\/p>\n<p>Como resultado, esta ferramenta permite o estudo de<strong> ru\u00eddo a\u00e9reo e isolamento de ru\u00eddo de impacto<\/strong>. Al\u00e9m disso, torna mais f\u00e1cil para os t\u00e9cnicos de projeto elaborarem projetos em conformidade com o C\u00f3digo T\u00e9cnico, e tamb\u00e9m aumenta a prescri\u00e7\u00e3o de nossas solu\u00e7\u00f5es de constru\u00e7\u00e3o.<\/p>\n\t\t\t\t\t\t\t\t<\/div>\n\t\t\t\t<\/div>\n\t\t\t\t\t<\/div>\n\t\t<\/div>\n\t\t\t\t\t<\/div>\n\t\t<\/section>\n\t\t\t\t<section class=\"elementor-section elementor-top-section elementor-element elementor-element-7f32869 elementor-section-content-middle elementor-section-stretched elementor-section-boxed elementor-section-height-default elementor-section-height-default\" data-id=\"7f32869\" data-element_type=\"section\" data-e-type=\"section\" data-settings=\"{&quot;stretch_section&quot;:&quot;section-stretched&quot;}\">\n\t\t\t\t\t\t<div class=\"elementor-container elementor-column-gap-wide\">\n\t\t\t\t\t<div class=\"elementor-column elementor-col-100 elementor-top-column elementor-element elementor-element-9e203ff\" data-id=\"9e203ff\" data-element_type=\"column\" data-e-type=\"column\">\n\t\t\t<div class=\"elementor-widget-wrap elementor-element-populated\">\n\t\t\t\t\t\t<div class=\"elementor-element elementor-element-8927052 elementor-widget elementor-widget-text-editor\" data-id=\"8927052\" data-element_type=\"widget\" data-e-type=\"widget\" data-widget_type=\"text-editor.default\">\n\t\t\t\t<div class=\"elementor-widget-container\">\n\t\t\t\t\t\t\t\t\t<h2 style=\"text-align: justify;\">Entre as fun\u00e7\u00f5es do ChovACUSTIC SOFT est\u00e3o:<\/h2>\n<ul style=\"text-align: justify;\">\n<li>Possibilidade de selecionar <strong>diferentes tipos de geometrias<\/strong> de arm\u00e1rios. Por exemplo, no caso de estudar as divis\u00f3rias, temos a op\u00e7\u00e3o de 4 tipos diferentes de geometria<\/li>\n<\/ul>\n<p><img decoding=\"async\" class=\"size-full wp-image-606 aligncenter\" title=\"\" src=\"https:\/\/blogchova.files.wordpress.com\/2018\/06\/soft_geometria.png?w=720\" alt=\"Soft_geometria\" data-attachment-id=\"606\" data-permalink=\"https:\/\/blogchova.com\/2018\/06\/08\/chovacustic-soft-la-herramienta-para-predecir-el-aislamiento-acustico\/soft_geometria\/\" data-orig-file=\"https:\/\/blogchova.files.wordpress.com\/2018\/06\/soft_geometria.png\" data-orig-size=\"1086,146\" data-comments-opened=\"1\" data-image-meta=\"{\" data-image-title=\"Soft_geometria\" data-image-description=\"\" data-medium-file=\"https:\/\/blogchova.files.wordpress.com\/2018\/06\/soft_geometria.png?w=300\" data-large-file=\"https:\/\/blogchova.files.wordpress.com\/2018\/06\/soft_geometria.png?w=720\" \/><\/p>\n<ul style=\"text-align: justify;\">\n<li><strong>Base de dados<\/strong> com mais de 200 elementos construtivos, com possibilidade de inclus\u00e3o de portas e janelas.<\/li>\n<li>Informa\u00e7\u00e3o sobre a <strong>percentagem de transmiss\u00e3o de ru\u00eddo<\/strong> atrav\u00e9s de cada elemento construtivo (piso, teto, divis\u00f3ria, fachada e divis\u00f3ria interior).<\/li>\n<li><strong>Resultado final sempre vis\u00edvel<\/strong> e atualizado em tempo real ao fazer qualquer altera\u00e7\u00e3o.<\/li>\n<li><strong>Gera\u00e7\u00e3o de relat\u00f3rios<\/strong> que contemplam todos os dados sobre os elementos construtivos utilizados.<\/li>\n<li>Elabora\u00e7\u00e3o de projetos de isolamento ac\u00fastico de acordo com a op\u00e7\u00e3o geral de cumprimento da se\u00e7\u00e3o DB-HR do <strong>C\u00f3digo T\u00e9cnico de Constru\u00e7\u00e3o.<\/strong><\/li>\n<li><strong>Duas op\u00e7\u00f5es de c\u00e1lculo:<\/strong>\n<ul style=\"text-align: justify;\">\n<li>De acordo com o m\u00e9todo padr\u00e3o europeu EN 12354 partes 1 e 2.<\/li>\n<li>De acordo com o m\u00e9todo da norma europeia EN 12354 partes 1 e 2 adaptadas aos sistemas de constru\u00e7\u00e3o espanh\u00f3is.<\/li>\n<\/ul>\n<\/li>\n<\/ul>\n\t\t\t\t\t\t\t\t<\/div>\n\t\t\t\t<\/div>\n\t\t\t\t\t<\/div>\n\t\t<\/div>\n\t\t\t\t\t<\/div>\n\t\t<\/section>\n\t\t\t\t<section class=\"elementor-section elementor-top-section elementor-element elementor-element-494534c elementor-section-content-middle elementor-section-stretched elementor-section-boxed elementor-section-height-default elementor-section-height-default\" data-id=\"494534c\" data-element_type=\"section\" data-e-type=\"section\" data-settings=\"{&quot;stretch_section&quot;:&quot;section-stretched&quot;,&quot;background_background&quot;:&quot;classic&quot;}\">\n\t\t\t\t\t\t<div class=\"elementor-container elementor-column-gap-wide\">\n\t\t\t\t\t<div class=\"elementor-column elementor-col-100 elementor-top-column elementor-element elementor-element-f753a99\" data-id=\"f753a99\" data-element_type=\"column\" data-e-type=\"column\">\n\t\t\t<div class=\"elementor-widget-wrap elementor-element-populated\">\n\t\t\t\t\t\t<div class=\"elementor-element elementor-element-a659a26 elementor-widget elementor-widget-text-editor\" data-id=\"a659a26\" data-element_type=\"widget\" data-e-type=\"widget\" data-widget_type=\"text-editor.default\">\n\t\t\t\t<div class=\"elementor-widget-container\">\n\t\t\t\t\t\t\t\t\t<h2 class=\"elementor-heading-title elementor-size-default\" style=\"text-align: center;\"><span style=\"color: #ffffff;\">Envie-nos um e-mail para<\/span><\/h2><h2 class=\"elementor-heading-title elementor-size-default\" style=\"text-align: center;\"><span style=\"color: #ffffff;\">asesoramiento.tecnico@bmigroup.com<\/span><\/h2><h2 class=\"elementor-heading-title elementor-size-default\" style=\"text-align: center;\"><span style=\"color: #ffffff;\">\u00a0e enviar-lhe-emos o link para download<\/span><\/h2>\t\t\t\t\t\t\t\t<\/div>\n\t\t\t\t<\/div>\n\t\t\t\t\t<\/div>\n\t\t<\/div>\n\t\t\t\t\t<\/div>\n\t\t<\/section>\n\t\t\t\t<section class=\"elementor-section elementor-top-section elementor-element elementor-element-f7a04ad elementor-section-stretched elementor-section-boxed elementor-section-height-default elementor-section-height-default\" data-id=\"f7a04ad\" data-element_type=\"section\" data-e-type=\"section\" data-settings=\"{&quot;stretch_section&quot;:&quot;section-stretched&quot;,&quot;background_background&quot;:&quot;classic&quot;}\">\n\t\t\t\t\t\t<div class=\"elementor-container elementor-column-gap-default\">\n\t\t\t\t\t<div class=\"elementor-column elementor-col-100 elementor-top-column elementor-element elementor-element-c2e404d\" data-id=\"c2e404d\" data-element_type=\"column\" data-e-type=\"column\">\n\t\t\t<div class=\"elementor-widget-wrap elementor-element-populated\">\n\t\t\t\t\t\t<div class=\"elementor-element elementor-element-f73d578 elementor-widget elementor-widget-template\" data-id=\"f73d578\" data-element_type=\"widget\" data-e-type=\"widget\" data-widget_type=\"template.default\">\n\t\t\t\t<div class=\"elementor-widget-container\">\n\t\t\t\t\t\t\t<div class=\"elementor-template\">\n\t\t\t\t\t<div data-elementor-type=\"section\" data-elementor-id=\"16074\" class=\"elementor elementor-16074 elementor-1276 elementor-1276\" data-elementor-post-type=\"elementor_library\">\n\t\t\t\t\t<section class=\"elementor-section elementor-top-section elementor-element elementor-element-2478ca51 elementor-section-content-middle elementor-section-stretched elementor-section-boxed elementor-section-height-default elementor-section-height-default\" data-id=\"2478ca51\" data-element_type=\"section\" data-e-type=\"section\" data-settings=\"{&quot;background_background&quot;:&quot;classic&quot;,&quot;stretch_section&quot;:&quot;section-stretched&quot;}\">\n\t\t\t\t\t\t<div class=\"elementor-container elementor-column-gap-no\">\n\t\t\t\t\t<div class=\"elementor-column elementor-col-50 elementor-top-column elementor-element elementor-element-2a6461b8\" data-id=\"2a6461b8\" data-element_type=\"column\" data-e-type=\"column\">\n\t\t\t<div class=\"elementor-widget-wrap elementor-element-populated\">\n\t\t\t\t\t\t<div class=\"elementor-element elementor-element-3974428e elementor-widget elementor-widget-heading\" data-id=\"3974428e\" data-element_type=\"widget\" data-e-type=\"widget\" data-widget_type=\"heading.default\">\n\t\t\t\t<div class=\"elementor-widget-container\">\n\t\t\t\t\t<h2 class=\"elementor-heading-title elementor-size-default\">Subscreva a nossa newsletter<\/h2>\t\t\t\t<\/div>\n\t\t\t\t<\/div>\n\t\t\t\t<div class=\"elementor-element elementor-element-7879863c elementor-widget elementor-widget-text-editor\" data-id=\"7879863c\" data-element_type=\"widget\" data-e-type=\"widget\" data-widget_type=\"text-editor.default\">\n\t\t\t\t<div class=\"elementor-widget-container\">\n\t\t\t\t\t\t\t\t\t<p><span style=\"color: #ffffff;\">Adira \u00e0 nossa newsletter para receber mensalmente no seu e-mail todas as novidades sobre a ChovA e o sector.<\/span><\/p>\n\t\t\t\t\t\t\t\t<\/div>\n\t\t\t\t<\/div>\n\t\t\t\t<div class=\"elementor-element elementor-element-465af683 e-grid-align-left elementor-shape-rounded elementor-grid-0 elementor-widget elementor-widget-social-icons\" data-id=\"465af683\" data-element_type=\"widget\" data-e-type=\"widget\" data-widget_type=\"social-icons.default\">\n\t\t\t\t<div class=\"elementor-widget-container\">\n\t\t\t\t\t\t\t<div class=\"elementor-social-icons-wrapper elementor-grid\" role=\"list\">\n\t\t\t\t\t\t\t<span class=\"elementor-grid-item\" role=\"listitem\">\n\t\t\t\t\t<a class=\"elementor-icon elementor-social-icon elementor-social-icon-facebook-f elementor-repeater-item-993ef04\" href=\"https:\/\/www.facebook.com\/ChovAImpermeabilzacion\/\" target=\"_blank\" rel=\"noopener\">\n\t\t\t\t\t\t<span class=\"elementor-screen-only\">Facebook-f<\/span>\n\t\t\t\t\t\t<i aria-hidden=\"true\" class=\"fab fa-facebook-f\"><\/i>\t\t\t\t\t<\/a>\n\t\t\t\t<\/span>\n\t\t\t\t\t\t\t<span class=\"elementor-grid-item\" role=\"listitem\">\n\t\t\t\t\t<a class=\"elementor-icon elementor-social-icon elementor-social-icon-twitter elementor-repeater-item-a229ff5\" href=\"https:\/\/twitter.com\/ChovA_SA\" target=\"_blank\" rel=\"noopener\">\n\t\t\t\t\t\t<span class=\"elementor-screen-only\">Twitter<\/span>\n\t\t\t\t\t\t<i aria-hidden=\"true\" class=\"fab fa-twitter\"><\/i>\t\t\t\t\t<\/a>\n\t\t\t\t<\/span>\n\t\t\t\t\t\t\t<span class=\"elementor-grid-item\" role=\"listitem\">\n\t\t\t\t\t<a class=\"elementor-icon elementor-social-icon elementor-social-icon-youtube elementor-repeater-item-a1c64d4\" href=\"https:\/\/www.youtube.com\/channel\/UCZewW9d5Z5pDgDCtH-lz-7g?view_as=subscriber\" target=\"_blank\" rel=\"noopener\">\n\t\t\t\t\t\t<span class=\"elementor-screen-only\">Youtube<\/span>\n\t\t\t\t\t\t<i aria-hidden=\"true\" class=\"fab fa-youtube\"><\/i>\t\t\t\t\t<\/a>\n\t\t\t\t<\/span>\n\t\t\t\t\t\t\t<span class=\"elementor-grid-item\" role=\"listitem\">\n\t\t\t\t\t<a class=\"elementor-icon elementor-social-icon elementor-social-icon-linkedin elementor-repeater-item-f4f16ac\" href=\"https:\/\/www.linkedin.com\/company\/chova\/\" target=\"_blank\" rel=\"noopener\">\n\t\t\t\t\t\t<span class=\"elementor-screen-only\">Linkedin<\/span>\n\t\t\t\t\t\t<i aria-hidden=\"true\" class=\"fab fa-linkedin\"><\/i>\t\t\t\t\t<\/a>\n\t\t\t\t<\/span>\n\t\t\t\t\t<\/div>\n\t\t\t\t\t\t<\/div>\n\t\t\t\t<\/div>\n\t\t\t\t\t<\/div>\n\t\t<\/div>\n\t\t\t\t<div class=\"elementor-column elementor-col-50 elementor-top-column elementor-element elementor-element-224bb27\" data-id=\"224bb27\" data-element_type=\"column\" data-e-type=\"column\">\n\t\t\t<div class=\"elementor-widget-wrap elementor-element-populated\">\n\t\t\t\t\t\t<div class=\"elementor-element elementor-element-b6021fc elementor-button-align-stretch elementor-widget elementor-widget-form\" data-id=\"b6021fc\" data-element_type=\"widget\" data-e-type=\"widget\" data-settings=\"{&quot;step_next_label&quot;:&quot;Next&quot;,&quot;step_previous_label&quot;:&quot;Anterior&quot;,&quot;step_type&quot;:&quot;number_text&quot;,&quot;step_icon_shape&quot;:&quot;circle&quot;}\" data-widget_type=\"form.default\">\n\t\t\t\t<div class=\"elementor-widget-container\">\n\t\t\t\t\t\t\t<form class=\"elementor-form\" method=\"post\" name=\"Suscripci\u00f3n\">\n\t\t\t<input type=\"hidden\" name=\"post_id\" value=\"16074\"\/>\n\t\t\t<input type=\"hidden\" name=\"form_id\" value=\"b6021fc\"\/>\n\t\t\t<input type=\"hidden\" name=\"referer_title\" value=\"Obras de Refer\u00eancia | Chova\" \/>\n\n\t\t\t\t\t\t\t<input type=\"hidden\" name=\"queried_id\" value=\"15893\"\/>\n\t\t\t\n\t\t\t<div class=\"elementor-form-fields-wrapper elementor-labels-\">\n\t\t\t\t\t\t\t\t<div class=\"elementor-field-type-email elementor-field-group elementor-column elementor-field-group-email elementor-col-100 elementor-field-required\">\n\t\t\t\t\t\t\t\t\t\t\t\t<label for=\"form-field-email\" class=\"elementor-field-label elementor-screen-only\">\n\t\t\t\t\t\t\t\tEmail\t\t\t\t\t\t\t<\/label>\n\t\t\t\t\t\t\t\t\t\t\t\t\t\t<input size=\"1\" type=\"email\" name=\"form_fields[email]\" id=\"form-field-email\" class=\"elementor-field elementor-size-md  elementor-field-textual\" placeholder=\"Email\" required=\"required\">\n\t\t\t\t\t\t\t\t\t\t\t<\/div>\n\t\t\t\t\t\t\t\t<div class=\"elementor-field-type-acceptance elementor-field-group elementor-column elementor-field-group-field_8225d09 elementor-col-100 elementor-field-required\">\n\t\t\t\t\t\t\t<div class=\"elementor-field-subgroup\">\n\t\t\t<span class=\"elementor-field-option\">\n\t\t\t\t<input type=\"checkbox\" name=\"form_fields[field_8225d09]\" id=\"form-field-field_8225d09\" class=\"elementor-field elementor-size-md  elementor-acceptance-field\" required=\"required\">\n\t\t\t\t<label for=\"form-field-field_8225d09\">Aceito <a href=\"https:\/\/chova.com\/pt-pt\/politica-privacidad\/\" target=\"_blank\" style=\"    color: #fff;\">os termos e condi\u00e7\u00f5es *<\/a><\/label>\t\t\t<\/span>\n\t\t<\/div>\n\t\t\t\t\t\t<\/div>\n\t\t\t\t\t\t\t\t<div class=\"elementor-field-group elementor-column elementor-field-type-submit elementor-col-100 e-form__buttons\">\n\t\t\t\t\t<button class=\"elementor-button elementor-size-sm\" type=\"submit\">\n\t\t\t\t\t\t<span class=\"elementor-button-content-wrapper\">\n\t\t\t\t\t\t\t\t\t\t\t\t\t\t\t\t\t\t\t\t\t\t<span class=\"elementor-button-text\">Subscribirse<\/span>\n\t\t\t\t\t\t\t\t\t\t\t\t\t<\/span>\n\t\t\t\t\t<\/button>\n\t\t\t\t<\/div>\n\t\t\t<\/div>\n\t\t<\/form>\n\t\t\t\t\t\t<\/div>\n\t\t\t\t<\/div>\n\t\t\t\t\t<\/div>\n\t\t<\/div>\n\t\t\t\t\t<\/div>\n\t\t<\/section>\n\t\t\t\t<\/div>\n\t\t\t\t<\/div>\n\t\t\t\t\t\t<\/div>\n\t\t\t\t<\/div>\n\t\t\t\t\t<\/div>\n\t\t<\/div>\n\t\t\t\t\t<\/div>\n\t\t<\/section>\n\t\t\t\t<\/div>\n\t\t","protected":false},"excerpt":{"rendered":"<p>Software Ac\u00fastico ChovACUSTIC SOFT \u00e9 uma ferramenta para fornecer isolamento ac\u00fastico. Na ChovA oferecemos anos t\u00e9cnicos gratuitos ChovACUSTIC SOFT, uma ferramenta que n\u00e3o pode oferecer outra empresa fabricante de materiais. [&hellip;]<\/p>\n","protected":false},"author":1,"featured_media":0,"parent":18040,"menu_order":0,"comment_status":"closed","ping_status":"closed","template":"fullwidth.php","meta":{"_acf_changed":false,"advgb_blocks_editor_width":"","advgb_blocks_columns_visual_guide":"","ghostkit_customizer_options":"","ghostkit_custom_css":"","ghostkit_custom_js_head":"","ghostkit_custom_js_foot":"","ghostkit_typography":"","footnotes":""},"class_list":["post-18069","page","type-page","status-publish","hentry"],"acf":[],"coauthors":[],"author_meta":{"author_link":"https:\/\/chova.com\/pt-pt\/author\/chova\/","display_name":"chova"},"relative_dates":{"created":"Posted 6 anos ago","modified":"Updated 3 anos ago"},"absolute_dates":{"created":"Posted on 24 de Maio, 2020","modified":"Updated on 6 de Fevereiro, 2023"},"absolute_dates_time":{"created":"Posted on 24 de Maio, 2020 8:15","modified":"Updated on 6 de Fevereiro, 2023 17:47"},"featured_img_caption":"","featured_img":false,"series_order":"","_links":{"self":[{"href":"https:\/\/chova.com\/pt-pt\/wp-json\/wp\/v2\/pages\/18069","targetHints":{"allow":["GET"]}}],"collection":[{"href":"https:\/\/chova.com\/pt-pt\/wp-json\/wp\/v2\/pages"}],"about":[{"href":"https:\/\/chova.com\/pt-pt\/wp-json\/wp\/v2\/types\/page"}],"author":[{"embeddable":true,"href":"https:\/\/chova.com\/pt-pt\/wp-json\/wp\/v2\/users\/1"}],"replies":[{"embeddable":true,"href":"https:\/\/chova.com\/pt-pt\/wp-json\/wp\/v2\/comments?post=18069"}],"version-history":[{"count":2,"href":"https:\/\/chova.com\/pt-pt\/wp-json\/wp\/v2\/pages\/18069\/revisions"}],"predecessor-version":[{"id":48452,"href":"https:\/\/chova.com\/pt-pt\/wp-json\/wp\/v2\/pages\/18069\/revisions\/48452"}],"up":[{"embeddable":true,"href":"https:\/\/chova.com\/pt-pt\/wp-json\/wp\/v2\/pages\/18040"}],"wp:attachment":[{"href":"https:\/\/chova.com\/pt-pt\/wp-json\/wp\/v2\/media?parent=18069"}],"curies":[{"name":"wp","href":"https:\/\/api.w.org\/{rel}","templated":true}]}}