{"id":36489,"date":"2021-03-16T11:34:07","date_gmt":"2021-03-16T11:34:07","guid":{"rendered":"https:\/\/chova.web-pre.com\/politica-de-cookies\/"},"modified":"2021-03-16T11:34:08","modified_gmt":"2021-03-16T11:34:08","slug":"politica-de-cookies","status":"publish","type":"page","link":"https:\/\/chova.com\/pt-pt\/politica-de-cookies\/","title":{"rendered":"Pol\u00edtica de cookies"},"content":{"rendered":"\n<p>No&#13;\neste site, propriedade da ASFALTOS CHOVA, S.A. s\u00e3o coletados e usados&#13;\nas informa\u00e7\u00f5es indicadas em nossa pol\u00edtica de privacidade,&#13;\nem conformidade com as disposi\u00e7\u00f5es do Regulamento (UE) 2016\/679 do&#13;\nParlamento Europeu e do Conselho, de 27 de abril de 2016, sobre&#13;\na prote\u00e7\u00e3o de pessoas f\u00edsicas em rela\u00e7\u00e3o a&#13;\ntratamento de dados pessoais e a livre circula\u00e7\u00e3o destes&#13;\ndados (doravante, o &#8220;RGPD&#8221;), e Lei Org\u00e2nica 3\/2018, de 5&#13;\nDezembro, Prote\u00e7\u00e3o de Dados Pessoais e Garantia de&#13;\nDireitos digitais (LOPDGDD).<\/p>\n\n<p>Uma das formas de coleta de informa\u00e7\u00f5es \u00e9 por meio do uso de tecnologia denominada &#8220;cookies&#8221;.<\/p>\n\n<h2 class=\"wp-block-heading\">O que \u00e9 um cookie?<\/h2>\n\n<p>Um &#8220;cookie&#8221; \u00e9 uma pequena quantidade de texto que \u00e9 armazenada em seu navegador (como o Chrome do Google ou o Safari da Apple) quando voc\u00ea navega na maioria dos sites.<\/p>\n\n<h2 class=\"wp-block-heading\">Quais informa\u00e7\u00f5es um cookie armazena?<\/h2>\n\n<p>As&#13;\nOs cookies geralmente n\u00e3o armazenam informa\u00e7\u00f5es confidenciais sobre voc\u00ea, como&#13;\ncart\u00f5es de cr\u00e9dito ou dados banc\u00e1rios, fotos ou informa\u00e7\u00f5es&#13;\npessoal, etc. Os dados que mant\u00eam s\u00e3o de natureza t\u00e9cnica,&#13;\nestat\u00edsticas, prefer\u00eancias pessoais, personaliza\u00e7\u00e3o de&#13;\nconte\u00fado, etc.<\/p>\n\n<p>O servidor web n\u00e3o o associa como pessoa, mas sim com o seu navegador. Na verdade, se voc\u00ea navegar regularmente com o navegador Chrome e tentar navegar no mesmo site com o navegador Firefox, voc\u00ea ver\u00e1 que a web n\u00e3o percebe que voc\u00ea \u00e9 a mesma pessoa porque, na verdade, est\u00e1 associando as informa\u00e7\u00f5es ao navegador, n\u00e3o \u00e0 pessoa.<\/p>\n\n<h2 class=\"wp-block-heading\">Que tipo de cookies existem?<\/h2>\n\n<ul class=\"wp-block-list\"><li><strong>Cookies t\u00e9cnicos:<\/strong> S\u00e3o os mais b\u00e1sicos e permitem, entre outras coisas, saber quando um humano ou uma aplica\u00e7\u00e3o automatizada est\u00e1 navegando, quando um usu\u00e1rio an\u00f4nimo e um usu\u00e1rio registrado est\u00e3o navegando, tarefas b\u00e1sicas para o funcionamento de qualquer site din\u00e2mico.<\/li><li><strong>Cookies de an\u00e1lise:<\/strong> Recolhem informa\u00e7\u00e3o sobre o tipo de navega\u00e7\u00e3o que est\u00e1 a fazer, as sec\u00e7\u00f5es que mais utiliza, produtos consultados, fuso hor\u00e1rio de utiliza\u00e7\u00e3o, idioma, etc.<\/li><li><strong>Cookies de publicidade:<\/strong> eles mostram publicidade com base em sua navega\u00e7\u00e3o, seu pa\u00eds de origem, idioma, etc.<\/li><\/ul>\n\n<h2 class=\"wp-block-heading\">O que s\u00e3o cookies pr\u00f3prios e de terceiros?<\/h2>\n\n<p>Cookies pr\u00f3prios s\u00e3o aqueles gerados pela p\u00e1gina que voc\u00ea est\u00e1 visitando e os de terceiros s\u00e3o aqueles gerados por servi\u00e7os ou provedores externos como Google, Facebook, Twitter, etc.<\/p>\n\n<h2 class=\"wp-block-heading\">Quais cookies este site usa?<\/h2>\n\n<p>O&#13;\npropriet\u00e1rio do site pode usar cookies durante o fornecimento&#13;\nservi\u00e7os de website. Cookies do tipo &#8216;Pr\u00f3prio&#8217; s\u00e3o&#13;\nusado apenas pelo propriet\u00e1rio deste site e cookies &#8216;De&#13;\nde terceiros s\u00e3o usados \u200b\u200bpelo provedor de servi\u00e7os.<\/p>\n\n<p>Os detalhes dos cookies usados \u200b\u200bnesta p\u00e1gina da web s\u00e3o os seguintes:<\/p>\n\n<figure class=\"wp-block-table is-style-stripes\"><table class=\"has-fixed-layout\"><tbody><tr><td>\t\t\tCookies&#13;\n\t\t<\/td><td>\t\t\tNome&#13;\n\t\t<\/td><td>\t\t\tTipo&#13;\n\t\t<\/td><td>\t\t\tProp\u00f3sito&#13;\n\t\t<\/td><td>\t\t\tMais informa\u00e7\u00e3o&#13;\n\t\t<\/td><\/tr><tr><td>\t\t\t_utma&#13;\n\t\t\t_utmb&#13;\n\t\t\t_utmc&#13;\n\t\t\t_utmz&#13;\n\t\t\t_ga&#13;\n\t\t\t_gat&#13;\n\t\t\t_gid&#13;\n\t\t\t_icl_current_language&#13;\n\t\t\tcf7msm_check&#13;\n\t\t\t<br\/>&#13;\n\t\t\t&#13;\n\t\t<\/td><td>\t\t\tGoogle analytics&#13;\n\t\t<\/td><td>\t\t\tDe terceiros&#13;\n\t\t<\/td><td>Colete informa\u00e7\u00f5es sobre a navega\u00e7\u00e3o do&#13;\nusu\u00e1rios atrav\u00e9s do site, a fim de saber a origem do&#13;\nvisitas e outros dados semelhantes a n\u00edvel estat\u00edstico. N\u00e3o obt\u00e9m&#13;\ndados dos nomes ou sobrenomes dos usu\u00e1rios ou do&#13;\nendere\u00e7o postal espec\u00edfico de onde eles se conectam.<\/td><td>\t\t\tGoogle Analytics Centro de Privacidade do Google:&#13;\n\t\t\thttp:\/\/www.google.com\/intl\/es\/policies\/privacy\/&#13;\n\t\t<\/td><\/tr><\/tbody><\/table><\/figure>\n\n<h2 class=\"wp-block-heading\">Como deletar cookies?<\/h2>\n\n<p>pode&#13;\nvoc\u00ea permite, bloqueia ou exclui os cookies instalados em seu&#13;\ncomputador configurando as op\u00e7\u00f5es do navegador&#13;\ninstalado no seu computador: Desative o plug-in para&#13;\nNavegadores do Google Analytics.<\/p>\n\n<p>Se voc\u00ea deseja rejeitar cookies anal\u00edticos do Google Analytics em todos os navegadores, para que suas informa\u00e7\u00f5es n\u00e3o sejam enviadas ao Google Analytics, voc\u00ea pode baixar um plug-in que executa esta fun\u00e7\u00e3o neste link.<\/p>\n\n<h2 class=\"wp-block-heading\">Isen\u00e7\u00e3o de responsabilidade<\/h2>\n\n<p>sim&#13;\noptar por sair do nosso site atrav\u00e9s de links de p\u00e1gina&#13;\nweb n\u00e3o pertencente a nossa entidade, n\u00e3o seremos respons\u00e1veis&#13;\ndas pol\u00edticas de privacidade dos referidos sites ou do&#13;\ncookies que estes podem armazenar no computador do usu\u00e1rio.&#13;\nNossa pol\u00edtica sobre e-mail se concentra em&#13;\nenvie apenas comunica\u00e7\u00f5es que voc\u00ea solicitou receber.<\/p>\n\n<p>sim&#13;\nvoc\u00ea prefere n\u00e3o receber essas mensagens por e-mail.&#13;\noferecemos a possibilidade de exercer o seu direito de cancelamento e&#13;\nvoc\u00ea renuncia ao recebimento dessas mensagens por meio deles,&#13;\nde acordo com as disposi\u00e7\u00f5es do T\u00edtulo III, Artigo 22 do&#13;\nLei 34\/2002 sobre Servi\u00e7os para a Sociedade da Informa\u00e7\u00e3o e&#13;\nCom\u00e9rcio eletr\u00f4nico.<\/p>\n","protected":false},"excerpt":{"rendered":"<p>No&#13; este site, propriedade da ASFALTOS CHOVA, S.A. s\u00e3o coletados e usados&#13; as informa\u00e7\u00f5es indicadas em nossa pol\u00edtica de privacidade,&#13; em conformidade com as disposi\u00e7\u00f5es do Regulamento (UE) 2016\/679 do&#13; [&hellip;]<\/p>\n","protected":false},"author":1,"featured_media":0,"parent":0,"menu_order":0,"comment_status":"closed","ping_status":"closed","template":"fullwidth.php","meta":{"_acf_changed":false,"advgb_blocks_editor_width":"","advgb_blocks_columns_visual_guide":"","ghostkit_customizer_options":"","ghostkit_custom_css":"","ghostkit_custom_js_head":"","ghostkit_custom_js_foot":"","ghostkit_typography":"","footnotes":""},"class_list":["post-36489","page","type-page","status-publish","hentry"],"acf":[],"coauthors":[],"author_meta":{"author_link":"https:\/\/chova.com\/pt-pt\/author\/chova\/","display_name":"chova"},"relative_dates":{"created":"Posted 5 anos ago","modified":"Updated 5 anos ago"},"absolute_dates":{"created":"Posted on 16 de Mar\u00e7o, 2021","modified":"Updated on 16 de Mar\u00e7o, 2021"},"absolute_dates_time":{"created":"Posted on 16 de Mar\u00e7o, 2021 11:34","modified":"Updated on 16 de Mar\u00e7o, 2021 11:34"},"featured_img_caption":"","featured_img":false,"series_order":"","_links":{"self":[{"href":"https:\/\/chova.com\/pt-pt\/wp-json\/wp\/v2\/pages\/36489","targetHints":{"allow":["GET"]}}],"collection":[{"href":"https:\/\/chova.com\/pt-pt\/wp-json\/wp\/v2\/pages"}],"about":[{"href":"https:\/\/chova.com\/pt-pt\/wp-json\/wp\/v2\/types\/page"}],"author":[{"embeddable":true,"href":"https:\/\/chova.com\/pt-pt\/wp-json\/wp\/v2\/users\/1"}],"replies":[{"embeddable":true,"href":"https:\/\/chova.com\/pt-pt\/wp-json\/wp\/v2\/comments?post=36489"}],"version-history":[{"count":0,"href":"https:\/\/chova.com\/pt-pt\/wp-json\/wp\/v2\/pages\/36489\/revisions"}],"wp:attachment":[{"href":"https:\/\/chova.com\/pt-pt\/wp-json\/wp\/v2\/media?parent=36489"}],"curies":[{"name":"wp","href":"https:\/\/api.w.org\/{rel}","templated":true}]}}