{"id":36493,"date":"2021-03-16T13:39:45","date_gmt":"2021-03-16T13:39:45","guid":{"rendered":"https:\/\/chova.web-pre.com\/plus-dinformations-sur-les-cookies\/"},"modified":"2021-03-16T13:39:45","modified_gmt":"2021-03-16T13:39:45","slug":"plus-dinformations-sur-les-cookies","status":"publish","type":"page","link":"https:\/\/chova.com\/pt-pt\/plus-dinformations-sur-les-cookies\/","title":{"rendered":"Plus d&#8217;informations sur les cookies"},"content":{"rendered":"<h2>O que \u00e9 um cookie?<\/h2>\n<p>Um cookie \u00e9 um arquivo de texto inofensivo que \u00e9 armazenado em seu navegador quando voc\u00ea visita quase todas as p\u00e1ginas da web. A utilidade do cookie \u00e9 que a web \u00e9 capaz de lembrar sua visita quando voc\u00ea retorna para navegar naquela p\u00e1gina. Embora muitas pessoas n\u00e3o saibam, os cookies s\u00e3o usados \u200b\u200bh\u00e1 20 anos, quando surgiram os primeiros navegadores da World Wide Web.<\/p>\n<h2>O que N\u00c3O \u00e9 um cookie?<\/h2>\n<p>N\u00e3o \u00e9 um v\u00edrus, nem um Trojan, nem um worm, nem spam, nem spyware, nem abre janelas pop-up.<\/p>\n<h2>Quais informa\u00e7\u00f5es um cookie armazena?<\/h2>\n<p>Os cookies geralmente n\u00e3o armazenam informa\u00e7\u00f5es confidenciais sobre voc\u00ea, como cart\u00f5es de cr\u00e9dito ou dados banc\u00e1rios, fotografias, sua identidade ou informa\u00e7\u00f5es pessoais, etc. Os dados que guardam s\u00e3o de natureza t\u00e9cnica, prefer\u00eancias pessoais, personaliza\u00e7\u00e3o de conte\u00fados, etc.<\/p>\n<p>O servidor web n\u00e3o o associa como pessoa, mas sim com o seu navegador. Na verdade, se voc\u00ea navegar regularmente com o Internet Explorer e tentar navegar na mesma web com o Firefox ou Chrome, ver\u00e1 que a web n\u00e3o percebe que voc\u00ea \u00e9 a mesma pessoa porque, na verdade, est\u00e1 associando o navegador, n\u00e3o a pessoa.<\/p>\n<h2>Que tipo de cookies existem?<\/h2>\n<ul>\n<li>Cookies t\u00e9cnicos: S\u00e3o os mais b\u00e1sicos e permitem, entre outras coisas, saber quando um humano ou uma aplica\u00e7\u00e3o automatizada est\u00e1 navegando, quando um usu\u00e1rio an\u00f4nimo e um usu\u00e1rio registrado est\u00e3o navegando, tarefas b\u00e1sicas para o funcionamento de qualquer site din\u00e2mico.<\/li>\n<li>Cookies de an\u00e1lise: Recolhem informa\u00e7\u00e3o sobre o tipo de navega\u00e7\u00e3o que est\u00e1 a fazer, as sec\u00e7\u00f5es que mais utiliza, produtos consultados, fuso hor\u00e1rio de utiliza\u00e7\u00e3o, idioma, etc.<\/li>\n<li>Cookies de publicidade: eles mostram publicidade com base em sua navega\u00e7\u00e3o, seu pa\u00eds de origem, idioma, etc.<\/li>\n<\/ul>\n<h2>O que s\u00e3o cookies pr\u00f3prios e de terceiros?<\/h2>\n<p>Cookies pr\u00f3prios s\u00e3o aqueles gerados pela p\u00e1gina que voc\u00ea est\u00e1 visitando e os de terceiros s\u00e3o aqueles gerados por servi\u00e7os ou provedores externos como Facebook, Twitter, Google, etc.<\/p>\n<h2>O que acontece se eu desativar os cookies?<\/h2>\n<p>Para entender o escopo da desativa\u00e7\u00e3o de cookies, mostramos alguns exemplos:<\/p>\n<ul>\n<li>Voc\u00ea n\u00e3o poder\u00e1 compartilhar conte\u00fado desse site no Facebook, Twitter ou qualquer outra rede social.<\/li>\n<li>O site n\u00e3o poder\u00e1 adaptar os conte\u00fados \u00e0s suas prefer\u00eancias pessoais, como acontece frequentemente nas lojas online.<\/li>\n<li>Voc\u00ea n\u00e3o poder\u00e1 acessar a \u00e1rea pessoal desse site, como Minha conta, Meu perfil ou Meus pedidos.<\/li>\n<li>Lojas online: Ser\u00e1 imposs\u00edvel fazer compras online, ter\u00e3o que ser por telefone ou visitando a loja f\u00edsica se tiver uma.<\/li>\n<li>N\u00e3o ser\u00e1 poss\u00edvel personalizar suas prefer\u00eancias geogr\u00e1ficas, como fuso hor\u00e1rio, moeda ou idioma.<\/li>\n<li>O site n\u00e3o ser\u00e1 capaz de realizar an\u00e1lises da web sobre visitantes e tr\u00e1fego na web, o que tornar\u00e1 dif\u00edcil para a web ser competitiva.<\/li>\n<li>Voc\u00ea n\u00e3o poder\u00e1 escrever no blog, n\u00e3o poder\u00e1 enviar fotos, postar coment\u00e1rios, avaliar ou avaliar conte\u00fado. A web tamb\u00e9m n\u00e3o ser\u00e1 capaz de saber se voc\u00ea \u00e9 um humano ou um aplicativo automatizado que publica spam.<\/li>\n<li>N\u00e3o ser\u00e1 poss\u00edvel veicular publicidade setorizada, o que reduzir\u00e1 a receita publicit\u00e1ria da web.<\/li>\n<li>Todas as redes sociais usam cookies, se voc\u00ea desativ\u00e1-los n\u00e3o poder\u00e1 usar nenhuma rede social.<\/li>\n<\/ul>\n<h2>Voc\u00ea pode excluir cookies?<\/h2>\n<p>Sim. N\u00e3o s\u00f3 deleta, mas tamb\u00e9m bloqueia de forma geral ou particular para um dom\u00ednio espec\u00edfico.<\/p>\n<p>Para excluir cookies de um site, voc\u00ea deve ir \u00e0s configura\u00e7\u00f5es do seu navegador e l\u00e1 voc\u00ea pode pesquisar aqueles associados ao dom\u00ednio em quest\u00e3o e prosseguir para exclu\u00ed-los.<\/p>\n<h2>Configura\u00e7\u00f5es de cookies para os navegadores mais populares<\/h2>\n<p>Veja como acessar um cookie espec\u00edfico no navegador Chrome. Observa\u00e7\u00e3o: essas etapas podem variar dependendo da vers\u00e3o do navegador:<\/p>\n<ol>\n<li>V\u00e1 para Configura\u00e7\u00f5es ou Prefer\u00eancias atrav\u00e9s do menu Arquivo ou clicando no \u00edcone de personaliza\u00e7\u00e3o que aparece no canto superior direito.<\/li>\n<li>Voc\u00ea ver\u00e1 diferentes se\u00e7\u00f5es, clique na op\u00e7\u00e3o Mostrar op\u00e7\u00f5es avan\u00e7adas.<\/li>\n<li>V\u00e1 para Privacidade, Configura\u00e7\u00f5es de conte\u00fado.<\/li>\n<li>Selecione Todos os cookies e dados do site.<\/li>\n<li>Uma lista aparecer\u00e1 com todos os cookies ordenados por dom\u00ednio. Para facilitar a localiza\u00e7\u00e3o dos cookies de um determinado dom\u00ednio, insira o endere\u00e7o parcial ou totalmente no campo Pesquisar cookies.<\/li>\n<li>Ap\u00f3s realizar este filtro, uma ou mais linhas com os cookies da web solicitada ir\u00e3o aparecer na tela. Agora basta selecion\u00e1-lo e pressionar o X para prosseguir com sua elimina\u00e7\u00e3o.<\/li>\n<\/ol>\n<p>Para acessar as configura\u00e7\u00f5es de cookies do navegador Internet Explorer, siga estas etapas (podem variar dependendo da vers\u00e3o do navegador):<\/p>\n<ol>\n<li>V\u00e1 para Ferramentas, Op\u00e7\u00f5es da Internet<\/li>\n<li>Clique em Privacidade.<\/li>\n<li>Mova o controle deslizante para ajustar o n\u00edvel de privacidade desejado.<\/li>\n<\/ol>\n<p>Para acessar as configura\u00e7\u00f5es de cookies do navegador Firefox, siga estas etapas (podem variar dependendo da vers\u00e3o do navegador):<\/p>\n<ol>\n<li>V\u00e1 para Op\u00e7\u00f5es ou Prefer\u00eancias dependendo do seu sistema operacional.<\/li>\n<li>Clique em Privacidade.<\/li>\n<li>Em Hist\u00f3rico, escolha Usar configura\u00e7\u00f5es personalizadas para hist\u00f3rico.<\/li>\n<li>Agora voc\u00ea ver\u00e1 a op\u00e7\u00e3o Aceitar cookies, voc\u00ea pode ativar ou desativar de acordo com suas prefer\u00eancias.<\/li>\n<\/ol>\n<p>Para acessar as configura\u00e7\u00f5es de cookies do navegador Safari para OSX, siga estas etapas (podem variar dependendo da vers\u00e3o do navegador):<\/p>\n<ol>\n<li>V\u00e1 para Prefer\u00eancias e, em seguida, Privacidade.<\/li>\n<li>Neste local voc\u00ea ver\u00e1 a op\u00e7\u00e3o Bloquear cookies para que possa ajustar o tipo de bloqueio que deseja realizar.<\/li>\n<\/ol>\n<p>Para acessar as configura\u00e7\u00f5es de cookies do navegador Safari para iOS, siga estas etapas (podem variar dependendo da vers\u00e3o do navegador):<\/p>\n<ol>\n<li>V\u00e1 para Configura\u00e7\u00f5es e, em seguida, Safari.<\/li>\n<li>V\u00e1 para Privacidade e Seguran\u00e7a, voc\u00ea ver\u00e1 a op\u00e7\u00e3o Bloquear cookies para ajustar o tipo de bloqueio que deseja realizar.<\/li>\n<\/ol>\n<p>Para acessar as configura\u00e7\u00f5es de cookies do navegador para dispositivos Android, siga estas etapas (podem variar dependendo da vers\u00e3o do navegador):<\/p>\n<ol>\n<li>Inicie o navegador e pressione a tecla Menu e, em seguida, Configura\u00e7\u00f5es<\/li>\n<li>V\u00e1 para Seguran\u00e7a e Privacidade, voc\u00ea ver\u00e1 a op\u00e7\u00e3o Aceitar cookies para ativar ou desativar a caixa.<\/li>\n<\/ol>\n","protected":false},"excerpt":{"rendered":"<p>O que \u00e9 um cookie? Um cookie \u00e9 um arquivo de texto inofensivo que \u00e9 armazenado em seu navegador quando voc\u00ea visita quase todas as p\u00e1ginas da web. A utilidade [&hellip;]<\/p>\n","protected":false},"author":1,"featured_media":0,"parent":0,"menu_order":0,"comment_status":"closed","ping_status":"closed","template":"","meta":{"_acf_changed":false,"advgb_blocks_editor_width":"","advgb_blocks_columns_visual_guide":"","ghostkit_customizer_options":"","ghostkit_custom_css":"","ghostkit_custom_js_head":"","ghostkit_custom_js_foot":"","ghostkit_typography":"","footnotes":""},"class_list":["post-36493","page","type-page","status-publish","hentry"],"acf":[],"coauthors":[],"author_meta":{"author_link":"https:\/\/chova.com\/pt-pt\/author\/chova\/","display_name":"chova"},"relative_dates":{"created":"Posted 5 anos ago","modified":"Updated 5 anos ago"},"absolute_dates":{"created":"Posted on 16 de Mar\u00e7o, 2021","modified":"Updated on 16 de Mar\u00e7o, 2021"},"absolute_dates_time":{"created":"Posted on 16 de Mar\u00e7o, 2021 13:39","modified":"Updated on 16 de Mar\u00e7o, 2021 13:39"},"featured_img_caption":"","featured_img":false,"series_order":"","_links":{"self":[{"href":"https:\/\/chova.com\/pt-pt\/wp-json\/wp\/v2\/pages\/36493","targetHints":{"allow":["GET"]}}],"collection":[{"href":"https:\/\/chova.com\/pt-pt\/wp-json\/wp\/v2\/pages"}],"about":[{"href":"https:\/\/chova.com\/pt-pt\/wp-json\/wp\/v2\/types\/page"}],"author":[{"embeddable":true,"href":"https:\/\/chova.com\/pt-pt\/wp-json\/wp\/v2\/users\/1"}],"replies":[{"embeddable":true,"href":"https:\/\/chova.com\/pt-pt\/wp-json\/wp\/v2\/comments?post=36493"}],"version-history":[{"count":0,"href":"https:\/\/chova.com\/pt-pt\/wp-json\/wp\/v2\/pages\/36493\/revisions"}],"wp:attachment":[{"href":"https:\/\/chova.com\/pt-pt\/wp-json\/wp\/v2\/media?parent=36493"}],"curies":[{"name":"wp","href":"https:\/\/api.w.org\/{rel}","templated":true}]}}